{"id":97,"date":"2018-08-17T22:13:37","date_gmt":"2018-08-17T19:13:37","guid":{"rendered":"http:\/\/inapp.lv\/wp_test\/?page_id=97"},"modified":"2020-03-05T00:30:42","modified_gmt":"2020-03-04T21:30:42","slug":"apps-for-hair-beauty-salon","status":"publish","type":"page","link":"https:\/\/ivapp.eu\/lv\/apps-for-hair-beauty-salon\/","title":{"rendered":"MATU &amp; skaistumkop\u0161anas salonu"},"content":{"rendered":"<p><section data-kc-fullwidth=\"row\" class=\"kc-elm kc-css-175287 kc_row\"><div class=\"kc-row-container  kc-container\"><div class=\"kc-wrap-columns\"><div class=\"kc-elm kc-css-70710 kc_col-sm-6 kc_column kc_col-sm-6\"><div class=\"kc-col-container\"><div class=\"kc-elm kc-css-825615 kc-animated kc-animate-eff-fadeInLeft kc-animate-delay-200 kc_text_block\"><\/p>\n<p>Mobil\u0101 lietotnes<\/p>\n<p>MATU &amp; skaistumkop\u0161anas salonu<\/p>\n<p>\n<\/div><div class=\"kc-elm kc-css-988909 kc_text_block\"><\/p>\n<p>Pas\u016btiet lietotni\u00a0<strong>iOS,<\/strong>\u00a0<strong>Android <\/strong>un<strong> PWA<\/strong><\/p>\n<p>\n<\/div><div class=\"kc-elm kc-css-784877 kc_text_block\"><\/p>\n<ul>\n<li>Palieliniet kop\u0113jo rezerv\u0101ciju skaitu<\/li>\n<li>Piesaist\u012bt jaunus klientus<\/li>\n<li>Uzlabot klientu lojalit\u0101ti<\/li>\n<\/ul>\n<p>Pavadiet vair\u0101k laika saviem klientiem un maz\u0101k laika, atbildot uz t\u0101lru\u0146a zvaniem, atbildot uz e-pasta zi\u0146ojumiem un neredz\u012bgajiem.<\/p>\n<p>\n<\/div>\n<div class=\"kc-elm kc-css-922935 kc-animated kc-animate-eff-bounceIn kc-animate-delay-1500\">\n\t<a class=\"kc_button\" href=\"tel:3712766177\" target=\"_self\" title=\"\" onclick=\"\">\n\t\tPas\u016bt\u012bt\t<\/a>\n<\/div>\n<\/div><\/div><div class=\"kc-elm kc-css-84953 kc_col-sm-6 kc_column kc_col-sm-6\"><div class=\"kc-col-container\"><\/div><\/div><\/div><\/div><\/section><section class=\"kc-elm kc-css-275553 kc_row\"><div class=\"kc-row-container  kc-container\"><div class=\"kc-wrap-columns\"><div class=\"kc-elm kc-css-50430 kc_col-sm-4 kc_column kc_col-sm-4\"><div class=\"kc-col-container\"><\/div><\/div><div class=\"kc-elm kc-css-44200 kc_col-sm-4 kc_column kc_col-sm-4\"><div class=\"kc-col-container\"><\/div><\/div><div class=\"kc-elm kc-css-913283 kc_col-sm-4 kc_column kc_col-sm-4\"><div class=\"kc-col-container\"><div class=\"kc-elm kc-css-914229 kc-animated kc-animate-eff-fadeInRight kc-animate-delay-300 kc_shortcode kc_single_image\">\n\n        <img src=\"https:\/\/i0.wp.com\/ivapp.eu\/wp-content\/uploads\/2018\/08\/phonebanner_salons.png?fit=557%2C800&ssl=1\" class=\"\" alt=\"\" \/>    <\/div>\n<\/div><\/div><\/div><\/div><\/section><section class=\"kc-elm kc-css-501214 kc_row\"><div class=\"kc-row-container  kc-container\"><div class=\"kc-wrap-columns\"><div class=\"kc-elm kc-css-768854 kc_col-sm-12 kc_column kc_col-sm-12\"><div class=\"kc-col-container\"><div class=\"kc-elm kc-css-876477 kc_text_block\"><\/p>\n<p>GALVEN\u0100S FUNKCIJAS MATIEM &amp; SKAISTUMKOP\u0160ANAS SALONIEM<\/p>\n<p>\n<\/div><div class=\"kc-elm kc-css-288778 kc_row kc_row_inner\"><div class=\"kc-elm kc-css-884377 kc_col-sm-4 kc_column_inner kc_col-sm-4\"><div class=\"kc_wrapper kc-col-inner-container\"><div class=\"kc-elm kc-css-95297 kc-feature-boxes kc-fb-layout-1\">\n\n\t<div class=\"content-icon\"><i class=\"fa-percent\"><\/i><\/div><div class=\"content-title\">Lojalit\u0101tes programmas<\/div><div class=\"content-desc\">Imekl\u0113jiet klientu lojalit\u0101ti, pied\u0101v\u0101jot saviem visv\u0113rt\u012bg\u0101kajiem klientiem lojalit\u0101tes punktus, lai vi\u0146i atkal atgrieztos vair\u0101k.<\/div>\n<\/div>\n<div class=\"kc-elm kc-css-243956 kc-feature-boxes kc-fb-layout-1\">\n\n\t<div class=\"content-icon\"><i class=\"fa-images\"><\/i><\/div><div class=\"content-title\">GALERIJA<\/div><div class=\"content-desc\">Visai vizu\u0101li att\u0113lojiet savas iesp\u0113jas, produktus un pakalpojumus, izmantojot ieb\u016bv\u0113tu galeriju sav\u0101 lietotn\u0113.<\/div>\n<\/div>\n<\/div><\/div><div class=\"kc-elm kc-css-440762 kc_col-sm-4 kc_column_inner kc_col-sm-4\"><div class=\"kc_wrapper kc-col-inner-container\"><div class=\"kc-elm kc-css-353782 kc-feature-boxes kc-fb-layout-1\">\n\n\t<div class=\"content-icon\"><i class=\"fa-calendar-alt\"><\/i><\/div><div class=\"content-title\">Rezerv\u0101cijas sist\u0113ma<\/div><div class=\"content-desc\">Nevelciet vair\u0101k t\u0101lru\u0146u zvanu un sarun\u0101jiet dienask\u0101rt\u012bb\u0101 tik\u0161an\u0101s - p\u0101rvaldiet visus rezerv\u0113jumus, izmantojot savu lietotni.<\/div>\n<\/div>\n<div class=\"kc-elm kc-css-670559 kc-feature-boxes kc-fb-layout-1\">\n\n\t<div class=\"content-icon\"><i class=\"fa-map\"><\/i><\/div><div class=\"content-title\">VIRZIENI<\/div><div class=\"content-desc\">Virzieni \u013cauj klientiem sniegt nor\u0101d\u012bjumus par j\u016bsu uz\u0146\u0113muma atra\u0161an\u0101s vietu tie\u0161i no lietotnes.<\/div>\n<\/div>\n<div class=\"kc-elm kc-css-384714 kc-feature-boxes kc-fb-layout-1\">\n\n\t<div class=\"content-icon\"><i class=\"fa-list\"><\/i><\/div><div class=\"content-title\">CENU SARAKSTS<\/div><div class=\"content-desc\">Katrs salona klients sal\u012bdzina pakalpojumu cenu ar citu saloni. Par\u0101diet saviem pakalpojumiem un produktiem prec\u012bzu cenu inform\u0101ciju.<\/div>\n<\/div>\n<\/div><\/div><div class=\"kc-elm kc-css-759019 kc_col-sm-4 kc_column_inner kc_col-sm-4\"><div class=\"kc_wrapper kc-col-inner-container\"><div class=\"kc-elm kc-css-269057 kc-feature-boxes kc-fb-layout-1\">\n\n\t<div class=\"content-icon\"><i class=\"fa-shopping-cart\"><\/i><\/div><div class=\"content-title\">PRODUKTU IEPIRKUMS<\/div><div class=\"content-desc\">Pie\u0161\u0137iriet saviem klientiem iesp\u0113ju ieg\u0101d\u0101ties j\u016bsu skaistumkop\u0161anas produktus plaukst\u0101, \u012bstenojot m-komerciju.<\/div>\n<\/div>\n<div class=\"kc-elm kc-css-290140 kc-feature-boxes kc-fb-layout-1\">\n\n\t<div class=\"content-icon\"><i class=\"fa-bell\"><\/i><\/div><div class=\"content-title\">Push Pazi\u0146ojumi<\/div><div class=\"content-desc\">Pazi\u0146ojiet jaunus pied\u0101v\u0101jumus, viet\u0113jos notikumus un citus pakalpojumus, izmantojot \u012bpa\u0161us m\u0113r\u0137auditoriju pazi\u0146ojumus, kas tiek pieg\u0101d\u0101ti tie\u0161i j\u016bsu lietot\u0101jiem.<\/div>\n<\/div>\n<\/div><\/div><\/div><\/div><\/div><\/div><\/div><\/section><section class=\"kc-elm kc-css-569685 kc_row\"><div class=\"kc-row-container  kc-container\"><div class=\"kc-wrap-columns\"><div class=\"kc-elm kc-css-238942 kc_col-sm-12 kc_column kc_col-sm-12\"><div class=\"kc-col-container\"><div class=\"kc-elm kc-css-566504 kc_text_block\"><\/p>\n<p>PLATFORMA<\/p>\n<p>\n<\/div><div class=\"kc-elm kc-css-220999 kc_row kc_row_inner\"><div class=\"kc-elm kc-css-79131 kc_col-sm-6 kc_column_inner kc_col-sm-6\"><div class=\"kc_wrapper kc-col-inner-container\"><div class=\"kc-elm kc-css-70845 kc-animated kc-animate-eff-fadeInLeft kc-animate-delay-1000 kc-animate-speed-3s kc_shortcode kc_single_image\">\n\n        <img src=\"https:\/\/i0.wp.com\/ivapp.eu\/wp-content\/uploads\/2019\/01\/dashboard.png?fit=1920%2C1080&ssl=1\" class=\"\" alt=\"\" \/>    <\/div>\n<\/div><\/div><div class=\"kc-elm kc-css-106378 kc_col-sm-6 kc_column_inner kc_col-sm-6\"><div class=\"kc_wrapper kc-col-inner-container\"><div class=\"kc-elm kc-css-551717 kc_text_block\"><\/p>\n<p>Viegli p\u0101rvald\u012bt savu saturu<\/p>\n<p>\n<\/div><div class=\"kc-elm kc-css-732218 kc_text_block\"><\/p>\n<p>Ieg\u016bstiet pilnu kontroli, lai analiz\u0113tu datus, veikt izmai\u0146as, vai ar\u012b sazin\u0101ties ar lietot\u0101jiem no m\u016bsu CMS.<\/p>\n<p>\n<\/div><\/div><\/div><\/div>\n<div class=\"kc-elm kc-css-705899 divider_line\">\n\t<div class=\"divider_inner divider_line1\">\n\t\t\t<\/div>\n<\/div>\n<div class=\"kc-elm kc-css-217142 kc_row kc_row_inner\"><div class=\"kc-elm kc-css-814385 kc_col-sm-6 kc_column_inner kc_col-sm-6\"><div class=\"kc_wrapper kc-col-inner-container\"><div class=\"kc-elm kc-css-271115 kc_text_block\"><\/p>\n<p>Veikt kontroli p\u0101r savu klientu<\/p>\n<p>\n<\/div><div class=\"kc-elm kc-css-742299 kc_text_block\"><\/p>\n<p>Sekojiet lietot\u0101jiem un mijiedarb\u012bbai, lai redz\u0113tu, cik labi j\u016bsu lietotne darbojas. Veiciet korekcijas, lai lietot\u0101jiem nodro\u0161in\u0101tu vislab\u0101ko iesp\u0113jamo pieredzi.<\/p>\n<p>\n<\/div><\/div><\/div><div class=\"kc-elm kc-css-258995 kc_col-sm-6 kc_column_inner kc_col-sm-6\"><div class=\"kc_wrapper kc-col-inner-container\"><div class=\"kc-elm kc-css-739502 kc-animated kc-animate-eff-fadeInRight kc-animate-delay-1000 kc-animate-speed-3s kc_shortcode kc_single_image\">\n\n        <img src=\"https:\/\/i1.wp.com\/ivapp.eu\/wp-content\/uploads\/2019\/01\/customer_list.png?fit=1920%2C1080&ssl=1\" class=\"\" alt=\"\" \/>    <\/div>\n<\/div><\/div><\/div>\n<div class=\"kc-elm kc-css-246497 divider_line\">\n\t<div class=\"divider_inner divider_line1\">\n\t\t\t<\/div>\n<\/div>\n<div class=\"kc-elm kc-css-424976 kc_row kc_row_inner\"><div class=\"kc-elm kc-css-512991 kc_col-sm-6 kc_column_inner kc_col-sm-6\"><div class=\"kc_wrapper kc-col-inner-container\"><div class=\"kc-elm kc-css-798100 kc-animated kc-animate-eff-fadeInLeft kc-animate-delay-1000 kc-animate-speed-3s kc_shortcode kc_single_image\">\n\n        <img src=\"https:\/\/i0.wp.com\/ivapp.eu\/wp-content\/uploads\/2019\/01\/merchandise.png?fit=1920%2C1080&ssl=1\" class=\"\" alt=\"\" \/>    <\/div>\n<\/div><\/div><div class=\"kc-elm kc-css-327661 kc_col-sm-6 kc_column_inner kc_col-sm-6\"><div class=\"kc_wrapper kc-col-inner-container\"><div class=\"kc-elm kc-css-681821 kc_text_block\"><\/p>\n<p>Padariet savu biznesu efekt\u012bv\u0101ku<\/p>\n<p>\n<\/div><div class=\"kc-elm kc-css-718792 kc_text_block\"><\/p>\n<p>Koncentr\u0113jieties uz lielisku pakalpojumu snieg\u0161anu, vienlaikus samazinot pas\u016bt\u012bjumu vai rezerv\u0101ciju apstr\u0101des laiku.<\/p>\n<p>\n<\/div><\/div><\/div><\/div><\/div><\/div><\/div><\/div><\/section><section class=\"kc-elm kc-css-778446 kc_row\"><div class=\"kc-row-container  kc-container\"><div class=\"kc-wrap-columns\"><div class=\"kc-elm kc-css-52226 kc_col-sm-12 kc_column kc_col-sm-12\"><div class=\"kc-col-container\"><div class=\"kc-elm kc-css-416148 kc_text_block\"><\/p>\n<p>M\u016aSU KLIENTI<\/p>\n<p>\n<\/div><div class=\"kc-elm kc-css-379213\">\n\t<div class=\"kc-carousel_images kc-elm kc-css-379213\">\n\t\n\t\t<div class=\"kc-carousel-images owl-carousel-images kc-sync1\" data-owl-i-options='{\"items\":\"4\",\"tablet\":\"2\",\"mobile\":\"1\",\"speed\":\"500\",\"navigation\":\"\",\"pagination\":\"yes\",\"autoheight\":\"\",\"progressbar\":\"\",\"delay\":\"8\",\"autoplay\":\"yes\",\"showthumb\":\"\",\"num_thumb\":\"5\"}'>\n\t\n\t\t\t\t\t<div class=\"item\">\n\t\n\t\t\t\t\t\t\t<img src=\"https:\/\/i1.wp.com\/ivapp.eu\/wp-content\/uploads\/2018\/10\/rosactive_iphone8.png?fit=143%2C300&ssl=1\"  alt=\"\"\/>\n\t\n\t\t\t\t\n\t\t\t<\/div>\n\t\n\t\t\t\t\t<div class=\"item\">\n\t\n\t\t\t\t\t\t\t<img src=\"https:\/\/i0.wp.com\/ivapp.eu\/wp-content\/uploads\/2018\/10\/debri_iphone8.png?fit=143%2C300&ssl=1\"  alt=\"\"\/>\n\t\n\t\t\t\t\n\t\t\t<\/div>\n\t\n\t\t\t\t\t<div class=\"item\">\n\t\n\t\t\t\t\t\t\t<img src=\"https:\/\/i0.wp.com\/ivapp.eu\/wp-content\/uploads\/2018\/10\/classique_iphone8.png?fit=143%2C300&ssl=1\"  alt=\"\"\/>\n\t\n\t\t\t\t\n\t\t\t<\/div>\n\t\n\t\t\t\t\t<div class=\"item\">\n\t\n\t\t\t\t\t\t\t<img src=\"https:\/\/i1.wp.com\/ivapp.eu\/wp-content\/uploads\/2018\/10\/beautystation_iphone8.png?fit=143%2C300&ssl=1\"  alt=\"\"\/>\n\t\n\t\t\t\t\n\t\t\t<\/div>\n\t\n\t\t\t\n\t\t<\/div>\n\t\n\t\t\t<\/div>\n<\/div>\n<\/div><\/div><\/div><\/div><\/section><section class=\"kc-elm kc-css-294609 kc_row\"><div class=\"kc-row-container  kc-container\"><div class=\"kc-wrap-columns\"><div class=\"kc-elm kc-css-245037 kc_col-sm-12 kc_column kc_col-sm-12\"><div class=\"kc-col-container\"><div class=\"kc-elm kc-css-361781 kc_text_block\"><\/p>\n<p>PREZENT\u0100CIJAS VIDEO<\/p>\n<p>\n<\/div><div class=\"kc-elm kc-css-399634 kc_text_block\"><\/p>\n<p><a class=\"vp-a\" href=\"https:\/\/ivapp.eu\/wp-content\/uploads\/2018\/10\/services_salon.mp4\" data-dwrap=\"1\"><img class=\"vp-img\" src=\"https:\/\/i1.wp.com\/ivapp.eu\/wp-content\/uploads\/2018\/11\/nailbartest-1140x745.jpg?resize=1140%2C745\" data-recalc-dims=\"1\"><\/a><\/p>\n<p>\n<\/div><\/div><\/div><\/div><\/div><\/section><section class=\"kc-elm kc-css-11337 kc_row\"><div class=\"kc-row-container  kc-container\"><div class=\"kc-wrap-columns\"><div class=\"kc-elm kc-css-29881 kc_col-sm-12 kc_column kc_col-sm-12\"><div class=\"kc-col-container\"><div class=\"kc-elm kc-css-314330 kc-raw-code\"><script async src=\"https:\/\/pagead2.googlesyndication.com\/pagead\/js\/adsbygoogle.js\"><\/script>\r\n<!-- ivapp -->\r\n<ins class=\"adsbygoogle\"\r\n     style=\"display:block\"\r\n     data-ad-client=\"ca-pub-8948769793385332\"\r\n     data-ad-slot=\"1507435208\"\r\n     data-ad-format=\"auto\"\r\n     data-full-width-responsive=\"true\"><\/ins>\r\n<script>\r\n     (adsbygoogle = window.adsbygoogle || []).push({});\r\n<\/script><\/div><\/div><\/div><\/div><\/div><\/section><section data-kc-fullwidth=\"row\" class=\"kc-elm kc-css-357531 kc_row\"><div class=\"kc-row-container  kc-container\"><div class=\"kc-wrap-columns\"><div class=\"kc-elm kc-css-576946 kc_col-sm-12 kc_column kc_col-sm-12\"><div class=\"kc-col-container\"><div class=\"kc-elm kc-css-431198 kc_row kc_row_inner\"><div class=\"kc-elm kc-css-446801 kc_col-sm-4 kc_column_inner kc_col-sm-4\"><div class=\"kc_wrapper kc-col-inner-container\">\n<div class=\"kc-elm kc-css-675913 kc-title-wrap\">\n\n\t<h3 class=\"kc_title\">Par uz\u0146\u0113mumu<\/h3>\n<\/div>\n<div class=\"kc-elm kc-css-934315 kc_text_block\"><\/p>\n<p>M\u016bsu misija ir veicin\u0101t sava biznesa izaugsmi un efektivit\u0101ti Baltijas valst\u012bs, izstr\u0101d\u0101jot satrieco\u0161as mobil\u0101s lietotnes un t\u012bmek\u013ca vietnes, kas efekt\u012bvi sasniegs un savienos j\u016bsu biznesu ar j\u016bsu auditoriju.<\/p>\n<p>\n<\/div><div class=\"kc-elm kc-css-843655 kc-multi-icons-wrapper\">\n\t\t\t<a href=\"https:\/\/www.facebook.com\/ivappbaltic\/\" target=\"_blank\" title=\"\" class=\"multi-icons-link multi-iconsfab-facebook-square\">\n\t\t\t<i class=\"fab-facebook-square\"><\/i>\n\t\t<\/a>\n\n\t\t\t<a href=\"https:\/\/www.youtube.com\/channel\/UCGiecyOKEd42Jv55-XP7kHQ\" target=\"_blank\" title=\"\" class=\"multi-icons-link multi-iconsfab-youtube\">\n\t\t\t<i class=\"fab-youtube\"><\/i>\n\t\t<\/a>\n\n\t\t\t<a href=\"https:\/\/itunes.apple.com\/ru\/developer\/inapp-sia\/id1128540927?mt=8\" target=\"_blank\" title=\"\" class=\"multi-icons-link multi-iconsfab-apple\">\n\t\t\t<i class=\"fab-apple\"><\/i>\n\t\t<\/a>\n\n\t\t\t<a href=\"https:\/\/play.google.com\/store\/apps\/dev?id=4686747278302463402\" target=\"_blank\" title=\"\" class=\"multi-icons-link multi-iconsfab-google-play\">\n\t\t\t<i class=\"fab-google-play\"><\/i>\n\t\t<\/a>\n\n\t\t\t<a href=\"http:\/\/inapp.lv\/\" target=\"_blank\" title=\"\" class=\"multi-icons-link multi-iconssl-cloud-download\">\n\t\t\t<i class=\"sl-cloud-download\"><\/i>\n\t\t<\/a>\n\n\t<\/div>\n<\/div><\/div><div class=\"kc-elm kc-css-134353 kc_col-sm-4 kc_column_inner kc_col-sm-4\"><div class=\"kc_wrapper kc-col-inner-container\"><\/div><\/div><div class=\"kc-elm kc-css-660556 kc_col-sm-4 kc_column_inner kc_col-sm-4\"><div class=\"kc_wrapper kc-col-inner-container\">\n<div class=\"kc-elm kc-css-562889 kc-title-wrap\">\n\n\t<h3 class=\"kc_title\">SAZINIETIES AR MUMS<\/h3>\n<\/div>\n<div class=\"kc-elm kc-css-222658 kc-feature-boxes kc-fb-layout-3\">\n\n\t<div class=\"content-icon\"><i class=\"et-map\"><\/i><\/div><div class=\"box-right\"><div class=\"content-title\">Riga, Latvia<\/div><\/div>\n<\/div>\n<div class=\"kc-elm kc-css-498289 kc-feature-boxes kc-fb-layout-3\">\n\n\t<div class=\"content-icon\"><i class=\"sl-phone\"><\/i><\/div><div class=\"box-right\"><div class=\"content-title\">+371 27667177<\/div><\/div>\n<\/div>\n<div class=\"kc-elm kc-css-645047 kc-feature-boxes kc-fb-layout-3\">\n\n\t<div class=\"content-icon\"><i class=\"et-envelope\"><\/i><\/div><div class=\"box-right\"><div class=\"content-title\">info@ivapp.eu<\/div><\/div>\n<\/div>\n<div class=\"kc-elm kc-css-549957 kc-feature-boxes kc-fb-layout-3\">\n\n\t<div class=\"content-icon\"><i class=\"et-clock\"><\/i><\/div><div class=\"box-right\"><div class=\"content-title\">Pirmdiena - Piektdiena: 8:00 - 19:00<\/div><\/div>\n<\/div>\n<\/div><\/div><\/div><div class=\"kc-elm kc-css-683726 kc_row kc_row_inner\"><div class=\"kc-elm kc-css-366417 kc_col-sm-4 kc_column_inner kc_col-sm-4\"><div class=\"kc_wrapper kc-col-inner-container\"><div class=\"kc-elm kc-css-901354 kc_text_block\"><\/p>\n<p>\u00a9 2015 &#8211; 2019 ivAPP, Mobile Apps For Businesses<\/p>\n<p>Izgatavots ar m\u012blest\u012bbu Latvij\u0101<\/p>\n<p>\n<\/div><\/div><\/div><\/div><\/div><\/div><\/div><\/div><\/section><\/p>","protected":false},"excerpt":{"rendered":"","protected":false},"author":1,"featured_media":0,"parent":0,"menu_order":0,"comment_status":"closed","ping_status":"closed","template":"","meta":{"site-sidebar-layout":"default","site-content-layout":"default","ast-global-header-display":"","ast-main-header-display":"","ast-hfb-above-header-display":"","ast-hfb-below-header-display":"","ast-hfb-mobile-header-display":"","site-post-title":"","ast-breadcrumbs-content":"","ast-featured-img":"","footer-sml-layout":"","theme-transparent-header-meta":"default","adv-header-id-meta":"","stick-header-meta":"","header-above-stick-meta":"","header-main-stick-meta":"","header-below-stick-meta":"","spay_email":""},"yoast_head":"<!-- This site is optimized with the Yoast SEO plugin v18.4.1 - https:\/\/yoast.com\/wordpress\/plugins\/seo\/ -->\n<title>HAIR &amp; BEAUTY SALON - ivAPP Baltic<\/title>\n<meta name=\"description\" content=\"Order Hair and Beauty Salon Apps for Your Business in Baltic states - Estonia, Latvia, Lithuania. iOS, iPad, Android, PWA.\" \/>\n<meta name=\"robots\" content=\"index, follow, max-snippet:-1, max-image-preview:large, max-video-preview:-1\" \/>\n<link rel=\"canonical\" href=\"https:\/\/ivapp.eu\/lv\/apps-for-hair-beauty-salon\/\" \/>\n<meta property=\"og:locale\" content=\"lv_LV\" \/>\n<meta property=\"og:type\" content=\"article\" \/>\n<meta property=\"og:title\" content=\"HAIR &amp; BEAUTY SALON - ivAPP Baltic\" \/>\n<meta property=\"og:description\" content=\"Order Hair and Beauty Salon Apps for Your Business in Baltic states - Estonia, Latvia, Lithuania. iOS, iPad, Android, PWA.\" \/>\n<meta property=\"og:url\" content=\"https:\/\/ivapp.eu\/lv\/apps-for-hair-beauty-salon\/\" \/>\n<meta property=\"og:site_name\" content=\"ivAPP Baltic\" \/>\n<meta property=\"article:publisher\" content=\"https:\/\/www.facebook.com\/ivappbaltic\/\" \/>\n<meta property=\"article:modified_time\" content=\"2020-03-04T21:30:42+00:00\" \/>\n<meta name=\"twitter:card\" content=\"summary_large_image\" \/>\n<meta name=\"twitter:image\" content=\"https:\/\/i0.wp.com\/ivapp.eu\/wp-content\/uploads\/2018\/08\/phonebanner_salons.png?fit=557%2C800&amp;ssl=1\" \/>\n<meta name=\"twitter:label1\" content=\"Est. reading time\" \/>\n\t<meta name=\"twitter:data1\" content=\"2 min\u016btes\" \/>\n<script type=\"application\/ld+json\" class=\"yoast-schema-graph\">{\"@context\":\"https:\/\/schema.org\",\"@graph\":[{\"@type\":\"WebSite\",\"@id\":\"https:\/\/ivapp.eu\/lv\/#website\",\"url\":\"https:\/\/ivapp.eu\/lv\/\",\"name\":\"ivAPP Baltic\",\"description\":\"Mobile Apps &amp; PWA websites for your business\",\"potentialAction\":[{\"@type\":\"SearchAction\",\"target\":{\"@type\":\"EntryPoint\",\"urlTemplate\":\"https:\/\/ivapp.eu\/lv\/?s={search_term_string}\"},\"query-input\":\"required name=search_term_string\"}],\"inLanguage\":\"lv-LV\"},{\"@type\":\"ImageObject\",\"@id\":\"https:\/\/ivapp.eu\/apps-for-hair-beauty-salon\/#primaryimage\",\"inLanguage\":\"lv-LV\",\"url\":\"\",\"contentUrl\":\"\"},{\"@type\":\"WebPage\",\"@id\":\"https:\/\/ivapp.eu\/apps-for-hair-beauty-salon\/#webpage\",\"url\":\"https:\/\/ivapp.eu\/apps-for-hair-beauty-salon\/\",\"name\":\"HAIR & BEAUTY SALON - ivAPP Baltic\",\"isPartOf\":{\"@id\":\"https:\/\/ivapp.eu\/lv\/#website\"},\"primaryImageOfPage\":{\"@id\":\"https:\/\/ivapp.eu\/apps-for-hair-beauty-salon\/#primaryimage\"},\"datePublished\":\"2018-08-17T19:13:37+00:00\",\"dateModified\":\"2020-03-04T21:30:42+00:00\",\"description\":\"Order Hair and Beauty Salon Apps for Your Business in Baltic states - Estonia, Latvia, Lithuania. iOS, iPad, Android, PWA.\",\"breadcrumb\":{\"@id\":\"https:\/\/ivapp.eu\/apps-for-hair-beauty-salon\/#breadcrumb\"},\"inLanguage\":\"lv-LV\",\"potentialAction\":[{\"@type\":\"ReadAction\",\"target\":[\"https:\/\/ivapp.eu\/apps-for-hair-beauty-salon\/\"]}]},{\"@type\":\"BreadcrumbList\",\"@id\":\"https:\/\/ivapp.eu\/apps-for-hair-beauty-salon\/#breadcrumb\",\"itemListElement\":[{\"@type\":\"ListItem\",\"position\":1,\"name\":\"\u0413\u043b\u0430\u0432\u043d\u0430\u044f \u0441\u0442\u0440\u0430\u043d\u0438\u0446\u0430\",\"item\":\"https:\/\/ivapp.eu\/lv\/\"},{\"@type\":\"ListItem\",\"position\":2,\"name\":\"HAIR &#038; BEAUTY SALON\"}]}]}<\/script>\n<!-- \/ Yoast SEO plugin. -->","yoast_head_json":{"title":"HAIR & BEAUTY SALON - ivAPP Baltic","description":"Order Hair and Beauty Salon Apps for Your Business in Baltic states - Estonia, Latvia, Lithuania. iOS, iPad, Android, PWA.","robots":{"index":"index","follow":"follow","max-snippet":"max-snippet:-1","max-image-preview":"max-image-preview:large","max-video-preview":"max-video-preview:-1"},"canonical":"https:\/\/ivapp.eu\/lv\/apps-for-hair-beauty-salon\/","og_locale":"lv_LV","og_type":"article","og_title":"HAIR & BEAUTY SALON - ivAPP Baltic","og_description":"Order Hair and Beauty Salon Apps for Your Business in Baltic states - Estonia, Latvia, Lithuania. iOS, iPad, Android, PWA.","og_url":"https:\/\/ivapp.eu\/lv\/apps-for-hair-beauty-salon\/","og_site_name":"ivAPP Baltic","article_publisher":"https:\/\/www.facebook.com\/ivappbaltic\/","article_modified_time":"2020-03-04T21:30:42+00:00","twitter_card":"summary_large_image","twitter_image":"https:\/\/i0.wp.com\/ivapp.eu\/wp-content\/uploads\/2018\/08\/phonebanner_salons.png?fit=557%2C800&ssl=1","twitter_misc":{"Est. reading time":"2 min\u016btes"},"schema":{"@context":"https:\/\/schema.org","@graph":[{"@type":"WebSite","@id":"https:\/\/ivapp.eu\/lv\/#website","url":"https:\/\/ivapp.eu\/lv\/","name":"ivAPP Baltic","description":"Mobile Apps &amp; PWA websites for your business","potentialAction":[{"@type":"SearchAction","target":{"@type":"EntryPoint","urlTemplate":"https:\/\/ivapp.eu\/lv\/?s={search_term_string}"},"query-input":"required name=search_term_string"}],"inLanguage":"lv-LV"},{"@type":"ImageObject","@id":"https:\/\/ivapp.eu\/apps-for-hair-beauty-salon\/#primaryimage","inLanguage":"lv-LV","url":"","contentUrl":""},{"@type":"WebPage","@id":"https:\/\/ivapp.eu\/apps-for-hair-beauty-salon\/#webpage","url":"https:\/\/ivapp.eu\/apps-for-hair-beauty-salon\/","name":"HAIR & BEAUTY SALON - ivAPP Baltic","isPartOf":{"@id":"https:\/\/ivapp.eu\/lv\/#website"},"primaryImageOfPage":{"@id":"https:\/\/ivapp.eu\/apps-for-hair-beauty-salon\/#primaryimage"},"datePublished":"2018-08-17T19:13:37+00:00","dateModified":"2020-03-04T21:30:42+00:00","description":"Order Hair and Beauty Salon Apps for Your Business in Baltic states - Estonia, Latvia, Lithuania. iOS, iPad, Android, PWA.","breadcrumb":{"@id":"https:\/\/ivapp.eu\/apps-for-hair-beauty-salon\/#breadcrumb"},"inLanguage":"lv-LV","potentialAction":[{"@type":"ReadAction","target":["https:\/\/ivapp.eu\/apps-for-hair-beauty-salon\/"]}]},{"@type":"BreadcrumbList","@id":"https:\/\/ivapp.eu\/apps-for-hair-beauty-salon\/#breadcrumb","itemListElement":[{"@type":"ListItem","position":1,"name":"\u0413\u043b\u0430\u0432\u043d\u0430\u044f \u0441\u0442\u0440\u0430\u043d\u0438\u0446\u0430","item":"https:\/\/ivapp.eu\/lv\/"},{"@type":"ListItem","position":2,"name":"HAIR &#038; BEAUTY SALON"}]}]}},"jetpack_sharing_enabled":true,"jetpack_shortlink":"https:\/\/wp.me\/PamzUi-1z","jetpack-related-posts":[{"id":386,"url":"https:\/\/ivapp.eu\/lv\/apps-for-restaurants-coffee-shops\/","url_meta":{"origin":97,"position":0},"title":"RESTAURANTS & COFFEE SHOPS","date":"03.10.2018","format":false,"excerpt":"APPS FORRESTAURANTS & COFFEE SHOPSOrder your App for\u00a0iOS,\u00a0Android and PWADifferentiate yourself in a crowded marketImpress customers with a professional appEngage and build relationships with customersIncrease order frequency and sizePush notifications and special offers to customers when they are near your shop or a competitor\u2019s. Show an always up-to-date menu and\u2026","rel":"","context":"Similar post","img":{"alt_text":"","src":"","width":0,"height":0},"classes":[]},{"id":158,"url":"https:\/\/ivapp.eu\/lv\/ivapp-solution-contact\/","url_meta":{"origin":97,"position":1},"title":"CONTACT","date":"19.08.2018","format":false,"excerpt":"Thank you for visiting ivAPPDo you still have more questions?Our team is ready to help you in any way we can. Your can reach us by email or phone. Your name (required) Your e-mail (required) Some words about your idea or project By using this form you agree with the\u2026","rel":"","context":"Similar post","img":{"alt_text":"","src":"","width":0,"height":0},"classes":[]},{"id":425,"url":"https:\/\/ivapp.eu\/lv\/ivapp-hosting-platform\/","url_meta":{"origin":97,"position":2},"title":"HOSTING","date":"12.12.2018","format":false,"excerpt":"Powerful Website\u00a0Hosting ServicesivAPPHost Helps You Succeed Super Easy to UseOur custom control panel is simple to use and removes the headache of managing your web hosting. Full FeaturedWe do more than web hosting. Our tool suite includes everything you need to be successful. Fast & ReliableIf your website is slow\u2026","rel":"","context":"Similar post","img":{"alt_text":"","src":"","width":0,"height":0},"classes":[]},{"id":14,"url":"https:\/\/ivapp.eu\/lv\/","url_meta":{"origin":97,"position":3},"title":"APPS","date":"17.08.2018","format":false,"excerpt":"ivAPP offers premium\u00a0Mobile solutions for your businessGROW YOUR BUSINESSWITH OUR MOBILE STRATEGY GET FREE DEMO We can MobiliZe any type of your business HAIR & BEAUTY SALONLearn More REAL ESTATE & HOTELS GYM & FITNESS RESTAURANTS & COFFEE SHOPSLearn More DELIVERY & TAKEAWAY BARS & NIGHT CLUBS DENTISTS & MEDICAL\u2026","rel":"","context":"Similar post","img":{"alt_text":"","src":"https:\/\/i1.wp.com\/ivapp.eu\/wp-content\/uploads\/2018\/08\/Mobile-App-Screen-Mockup-PSD.jpg?fit=1000%2C700&ssl=1&resize=350%2C200","width":350,"height":200},"classes":[]}],"_links":{"self":[{"href":"https:\/\/ivapp.eu\/lv\/wp-json\/wp\/v2\/pages\/97"}],"collection":[{"href":"https:\/\/ivapp.eu\/lv\/wp-json\/wp\/v2\/pages"}],"about":[{"href":"https:\/\/ivapp.eu\/lv\/wp-json\/wp\/v2\/types\/page"}],"author":[{"embeddable":true,"href":"https:\/\/ivapp.eu\/lv\/wp-json\/wp\/v2\/users\/1"}],"replies":[{"embeddable":true,"href":"https:\/\/ivapp.eu\/lv\/wp-json\/wp\/v2\/comments?post=97"}],"version-history":[{"count":59,"href":"https:\/\/ivapp.eu\/lv\/wp-json\/wp\/v2\/pages\/97\/revisions"}],"predecessor-version":[{"id":1456,"href":"https:\/\/ivapp.eu\/lv\/wp-json\/wp\/v2\/pages\/97\/revisions\/1456"}],"wp:attachment":[{"href":"https:\/\/ivapp.eu\/lv\/wp-json\/wp\/v2\/media?parent=97"}],"curies":[{"name":"wp","href":"https:\/\/api.w.org\/{rel}","templated":true}]}}