{"id":425,"date":"2018-12-12T13:27:37","date_gmt":"2018-12-12T10:27:37","guid":{"rendered":"http:\/\/ivapp.eu\/?page_id=425"},"modified":"2020-03-05T00:31:06","modified_gmt":"2020-03-04T21:31:06","slug":"ivapp-hosting-platform","status":"publish","type":"page","link":"https:\/\/ivapp.eu\/lv\/ivapp-hosting-platform\/","title":{"rendered":"HOSTINGS"},"content":{"rendered":"<p><section data-kc-fullwidth=\"row\" class=\"kc-elm kc-css-955014 kc_row\"><div class=\"kc-row-container  kc-container\"><div class=\"kc-wrap-columns\"><div class=\"kc-elm kc-css-796164 kc_col-sm-12 kc_column kc_col-sm-12\"><div class=\"kc-col-container\"><div class=\"kc-elm kc-css-41638 kc-animated kc-animate-eff-fadeInDown kc_text_block\"><\/p>\n<p>Powerful Website\u00a0<\/p>\n<p>Hosting Services<\/p>\n<p>\n<\/div><\/div><\/div><\/div><\/div><\/section><section class=\"kc-elm kc-css-404066 kc_row\"><div class=\"kc-row-container  kc-container\"><div class=\"kc-wrap-columns\"><div class=\"kc-elm kc-css-733649 kc_col-sm-12 kc_column kc_col-sm-12\"><div class=\"kc-col-container\"><div class=\"kc-elm kc-css-77286 kc-animated kc-animate-eff-fadeInRight kc_text_block\"><\/p>\n<p>ivAPPHost Helps You Succeed<\/p>\n<p>\n<\/div><div class=\"kc-elm kc-css-39833 kc_row kc_row_inner\"><div class=\"kc-elm kc-css-830578 kc_col-sm-3 kc_column_inner kc_col-sm-3\"><div class=\"kc_wrapper kc-col-inner-container\"><div class=\"kc-elm kc-css-843411 kc-feature-boxes kc-fb-layout-1\">\n\n\t<div class=\"content-icon\"><i class=\"sl-magic-wand\"><\/i><\/div><div class=\"content-title\">Super Easy to Use<\/div><div class=\"content-desc\">Our custom control panel is simple to use and removes the headache of managing your web hosting.<\/div>\n<\/div>\n<\/div><\/div><div class=\"kc-elm kc-css-380110 kc_col-sm-3 kc_column_inner kc_col-sm-3\"><div class=\"kc_wrapper kc-col-inner-container\"><div class=\"kc-elm kc-css-561551 kc-feature-boxes kc-fb-layout-1\">\n\n\t<div class=\"content-icon\"><i class=\"sl-layers\"><\/i><\/div><div class=\"content-title\">Full Featured<\/div><div class=\"content-desc\">We do more than web hosting. Our tool suite includes everything you need to be successful.<\/div>\n<\/div>\n<\/div><\/div><div class=\"kc-elm kc-css-754418 kc_col-sm-3 kc_column_inner kc_col-sm-3\"><div class=\"kc_wrapper kc-col-inner-container\"><div class=\"kc-elm kc-css-767164 kc-feature-boxes kc-fb-layout-1\">\n\n\t<div class=\"content-icon\"><i class=\"sl-speedometer\"><\/i><\/div><div class=\"content-title\">Fast & Reliable<\/div><div class=\"content-desc\">If your website is slow or down, then you are losing customers, conversion and search engine rankings.<\/div>\n<\/div>\n<\/div><\/div><div class=\"kc-elm kc-css-572878 kc_col-sm-3 kc_column_inner kc_col-sm-3\"><div class=\"kc_wrapper kc-col-inner-container\"><div class=\"kc-elm kc-css-339992 kc-feature-boxes kc-fb-layout-1\">\n\n\t<div class=\"content-icon\"><i class=\"sl-bubbles\"><\/i><\/div><div class=\"content-title\">24\/7 Expert Support<\/div><div class=\"content-desc\">Our award-winning US-based experts are available to help when you get stuck -- anytime, day or night.<\/div>\n<\/div>\n<\/div><\/div><\/div>\n<div class=\"kc-elm kc-css-911549 kc-animated kc-animate-eff-bounceIn kc-animate-delay-1500\">\n\t<a class=\"kc_button\" href=\"https:\/\/ivapp.eu\/lv\/ivapp-solution-contact\/\" target=\"_self\" title=\"\" onclick=\"\">\n\t\tORDER HOSTING\t<\/a>\n<\/div>\n<\/div><\/div><\/div><\/div><\/section><section class=\"kc-elm kc-css-23612 kc_row\"><div class=\"kc-row-container  kc-container\"><div class=\"kc-wrap-columns\"><div class=\"kc-elm kc-css-779273 kc_col-sm-12 kc_column kc_col-sm-12\"><div class=\"kc-col-container\"><div class=\"kc-elm kc-css-64248 kc-raw-code\"><script async src=\"https:\/\/pagead2.googlesyndication.com\/pagead\/js\/adsbygoogle.js\"><\/script>\r\n<!-- ivapp -->\r\n<ins class=\"adsbygoogle\"\r\n     style=\"display:block\"\r\n     data-ad-client=\"ca-pub-8948769793385332\"\r\n     data-ad-slot=\"1507435208\"\r\n     data-ad-format=\"auto\"\r\n     data-full-width-responsive=\"true\"><\/ins>\r\n<script>\r\n     (adsbygoogle = window.adsbygoogle || []).push({});\r\n<\/script><\/div><\/div><\/div><\/div><\/div><\/section><section data-kc-fullwidth=\"row\" class=\"kc-elm kc-css-289086 kc_row\"><div class=\"kc-row-container  kc-container\"><div class=\"kc-wrap-columns\"><div class=\"kc-elm kc-css-87774 kc_col-sm-12 kc_column kc_col-sm-12\"><div class=\"kc-col-container\"><div class=\"kc-elm kc-css-593140 kc_row kc_row_inner\"><div class=\"kc-elm kc-css-957480 kc_col-sm-4 kc_column_inner kc_col-sm-4\"><div class=\"kc_wrapper kc-col-inner-container\">\n<div class=\"kc-elm kc-css-9975 kc-title-wrap\">\n\n\t<h3 class=\"kc_title\">Par uz\u0146\u0113mumu<\/h3>\n<\/div>\n<div class=\"kc-elm kc-css-963746 kc_text_block\"><\/p>\n<p>M\u016bsu misija ir veicin\u0101t sava biznesa izaugsmi un efektivit\u0101ti Baltijas valst\u012bs, izstr\u0101d\u0101jot satrieco\u0161as mobil\u0101s lietotnes un t\u012bmek\u013ca vietnes, kas efekt\u012bvi sasniegs un savienos j\u016bsu biznesu ar j\u016bsu auditoriju.<\/p>\n<p>\n<\/div><div class=\"kc-elm kc-css-478291 kc-multi-icons-wrapper\">\n\t\t\t<a href=\"https:\/\/www.facebook.com\/ivappbaltic\/\" target=\"_blank\" title=\"\" class=\"multi-icons-link multi-iconsfab-facebook-square\">\n\t\t\t<i class=\"fab-facebook-square\"><\/i>\n\t\t<\/a>\n\n\t\t\t<a href=\"https:\/\/www.youtube.com\/channel\/UCGiecyOKEd42Jv55-XP7kHQ\" target=\"_blank\" title=\"\" class=\"multi-icons-link multi-iconsfab-youtube\">\n\t\t\t<i class=\"fab-youtube\"><\/i>\n\t\t<\/a>\n\n\t\t\t<a href=\"https:\/\/itunes.apple.com\/ru\/developer\/inapp-sia\/id1128540927?mt=8\" target=\"_blank\" title=\"\" class=\"multi-icons-link multi-iconsfab-apple\">\n\t\t\t<i class=\"fab-apple\"><\/i>\n\t\t<\/a>\n\n\t\t\t<a href=\"https:\/\/play.google.com\/store\/apps\/dev?id=4686747278302463402\" target=\"_blank\" title=\"\" class=\"multi-icons-link multi-iconsfab-google-play\">\n\t\t\t<i class=\"fab-google-play\"><\/i>\n\t\t<\/a>\n\n\t\t\t<a href=\"http:\/\/inapp.lv\/\" target=\"_blank\" title=\"\" class=\"multi-icons-link multi-iconssl-cloud-download\">\n\t\t\t<i class=\"sl-cloud-download\"><\/i>\n\t\t<\/a>\n\n\t<\/div>\n<\/div><\/div><div class=\"kc-elm kc-css-920395 kc_col-sm-4 kc_column_inner kc_col-sm-4\"><div class=\"kc_wrapper kc-col-inner-container\"><\/div><\/div><div class=\"kc-elm kc-css-332777 kc_col-sm-4 kc_column_inner kc_col-sm-4\"><div class=\"kc_wrapper kc-col-inner-container\">\n<div class=\"kc-elm kc-css-946218 kc-title-wrap\">\n\n\t<h3 class=\"kc_title\">SAZINIETIES AR MUMS<\/h3>\n<\/div>\n<div class=\"kc-elm kc-css-668536 kc-feature-boxes kc-fb-layout-3\">\n\n\t<div class=\"content-icon\"><i class=\"et-map\"><\/i><\/div><div class=\"box-right\"><div class=\"content-title\">Riga, Latvia<\/div><\/div>\n<\/div>\n<div class=\"kc-elm kc-css-431767 kc-feature-boxes kc-fb-layout-3\">\n\n\t<div class=\"content-icon\"><i class=\"sl-phone\"><\/i><\/div><div class=\"box-right\"><div class=\"content-title\">+371 27667177<\/div><\/div>\n<\/div>\n<div class=\"kc-elm kc-css-370989 kc-feature-boxes kc-fb-layout-3\">\n\n\t<div class=\"content-icon\"><i class=\"et-envelope\"><\/i><\/div><div class=\"box-right\"><div class=\"content-title\">info@ivapp.eu<\/div><\/div>\n<\/div>\n<div class=\"kc-elm kc-css-217709 kc-feature-boxes kc-fb-layout-3\">\n\n\t<div class=\"content-icon\"><i class=\"et-clock\"><\/i><\/div><div class=\"box-right\"><div class=\"content-title\">Pirmdiena - Piektdiena: 8:00 - 19:00<\/div><\/div>\n<\/div>\n<\/div><\/div><\/div><div class=\"kc-elm kc-css-292098 kc_row kc_row_inner\"><div class=\"kc-elm kc-css-447634 kc_col-sm-4 kc_column_inner kc_col-sm-4\"><div class=\"kc_wrapper kc-col-inner-container\"><div class=\"kc-elm kc-css-793921 kc_text_block\"><\/p>\n<p>\u00a9 2015 &#8211; 2019 ivAPP, Mobile Apps For Businesses<\/p>\n<p>Izgatavots ar m\u012blest\u012bbu Latvij\u0101<\/p>\n<p>\n<\/div><\/div><\/div><\/div><\/div><\/div><\/div><\/div><\/section><\/p>","protected":false},"excerpt":{"rendered":"","protected":false},"author":1,"featured_media":0,"parent":0,"menu_order":0,"comment_status":"closed","ping_status":"closed","template":"","meta":{"site-sidebar-layout":"default","site-content-layout":"default","ast-global-header-display":"","ast-main-header-display":"","ast-hfb-above-header-display":"","ast-hfb-below-header-display":"","ast-hfb-mobile-header-display":"","site-post-title":"","ast-breadcrumbs-content":"","ast-featured-img":"","footer-sml-layout":"","theme-transparent-header-meta":"default","adv-header-id-meta":"","stick-header-meta":"","header-above-stick-meta":"","header-main-stick-meta":"","header-below-stick-meta":"","spay_email":""},"yoast_head":"<!-- This site is optimized with the Yoast SEO plugin v18.4.1 - https:\/\/yoast.com\/wordpress\/plugins\/seo\/ -->\n<title>HOSTING - ivAPP Baltic<\/title>\n<meta name=\"description\" content=\"We offers premium Hosting solutions for your business. Grow your business with our hosting solutions. iOS, iPad, Android, PWA and Website.\" \/>\n<meta name=\"robots\" content=\"index, follow, max-snippet:-1, max-image-preview:large, max-video-preview:-1\" \/>\n<link rel=\"canonical\" href=\"https:\/\/ivapp.eu\/lv\/ivapp-hosting-platform\/\" \/>\n<meta property=\"og:locale\" content=\"lv_LV\" \/>\n<meta property=\"og:type\" content=\"article\" \/>\n<meta property=\"og:title\" content=\"HOSTING - ivAPP Baltic\" \/>\n<meta property=\"og:description\" content=\"We offers premium Hosting solutions for your business. Grow your business with our hosting solutions. iOS, iPad, Android, PWA and Website.\" \/>\n<meta property=\"og:url\" content=\"https:\/\/ivapp.eu\/lv\/ivapp-hosting-platform\/\" \/>\n<meta property=\"og:site_name\" content=\"ivAPP Baltic\" \/>\n<meta property=\"article:publisher\" content=\"https:\/\/www.facebook.com\/ivappbaltic\/\" \/>\n<meta property=\"article:modified_time\" content=\"2020-03-04T21:31:06+00:00\" \/>\n<meta name=\"twitter:card\" content=\"summary_large_image\" \/>\n<meta name=\"twitter:label1\" content=\"Est. reading time\" \/>\n\t<meta name=\"twitter:data1\" content=\"1. min\u016btes\" \/>\n<script type=\"application\/ld+json\" class=\"yoast-schema-graph\">{\"@context\":\"https:\/\/schema.org\",\"@graph\":[{\"@type\":\"WebSite\",\"@id\":\"https:\/\/ivapp.eu\/lv\/#website\",\"url\":\"https:\/\/ivapp.eu\/lv\/\",\"name\":\"ivAPP Baltic\",\"description\":\"Mobile Apps &amp; PWA websites for your business\",\"potentialAction\":[{\"@type\":\"SearchAction\",\"target\":{\"@type\":\"EntryPoint\",\"urlTemplate\":\"https:\/\/ivapp.eu\/lv\/?s={search_term_string}\"},\"query-input\":\"required name=search_term_string\"}],\"inLanguage\":\"lv-LV\"},{\"@type\":\"WebPage\",\"@id\":\"https:\/\/ivapp.eu\/ivapp-hosting-platform\/#webpage\",\"url\":\"https:\/\/ivapp.eu\/ivapp-hosting-platform\/\",\"name\":\"HOSTING - ivAPP Baltic\",\"isPartOf\":{\"@id\":\"https:\/\/ivapp.eu\/lv\/#website\"},\"datePublished\":\"2018-12-12T10:27:37+00:00\",\"dateModified\":\"2020-03-04T21:31:06+00:00\",\"description\":\"We offers premium Hosting solutions for your business. Grow your business with our hosting solutions. iOS, iPad, Android, PWA and Website.\",\"breadcrumb\":{\"@id\":\"https:\/\/ivapp.eu\/ivapp-hosting-platform\/#breadcrumb\"},\"inLanguage\":\"lv-LV\",\"potentialAction\":[{\"@type\":\"ReadAction\",\"target\":[\"https:\/\/ivapp.eu\/ivapp-hosting-platform\/\"]}]},{\"@type\":\"BreadcrumbList\",\"@id\":\"https:\/\/ivapp.eu\/ivapp-hosting-platform\/#breadcrumb\",\"itemListElement\":[{\"@type\":\"ListItem\",\"position\":1,\"name\":\"\u0413\u043b\u0430\u0432\u043d\u0430\u044f \u0441\u0442\u0440\u0430\u043d\u0438\u0446\u0430\",\"item\":\"https:\/\/ivapp.eu\/lv\/\"},{\"@type\":\"ListItem\",\"position\":2,\"name\":\"HOSTING\"}]}]}<\/script>\n<!-- \/ Yoast SEO plugin. -->","yoast_head_json":{"title":"HOSTING - ivAPP Baltic","description":"We offers premium Hosting solutions for your business. Grow your business with our hosting solutions. iOS, iPad, Android, PWA and Website.","robots":{"index":"index","follow":"follow","max-snippet":"max-snippet:-1","max-image-preview":"max-image-preview:large","max-video-preview":"max-video-preview:-1"},"canonical":"https:\/\/ivapp.eu\/lv\/ivapp-hosting-platform\/","og_locale":"lv_LV","og_type":"article","og_title":"HOSTING - ivAPP Baltic","og_description":"We offers premium Hosting solutions for your business. Grow your business with our hosting solutions. iOS, iPad, Android, PWA and Website.","og_url":"https:\/\/ivapp.eu\/lv\/ivapp-hosting-platform\/","og_site_name":"ivAPP Baltic","article_publisher":"https:\/\/www.facebook.com\/ivappbaltic\/","article_modified_time":"2020-03-04T21:31:06+00:00","twitter_card":"summary_large_image","twitter_misc":{"Est. reading time":"1. min\u016btes"},"schema":{"@context":"https:\/\/schema.org","@graph":[{"@type":"WebSite","@id":"https:\/\/ivapp.eu\/lv\/#website","url":"https:\/\/ivapp.eu\/lv\/","name":"ivAPP Baltic","description":"Mobile Apps &amp; PWA websites for your business","potentialAction":[{"@type":"SearchAction","target":{"@type":"EntryPoint","urlTemplate":"https:\/\/ivapp.eu\/lv\/?s={search_term_string}"},"query-input":"required name=search_term_string"}],"inLanguage":"lv-LV"},{"@type":"WebPage","@id":"https:\/\/ivapp.eu\/ivapp-hosting-platform\/#webpage","url":"https:\/\/ivapp.eu\/ivapp-hosting-platform\/","name":"HOSTING - ivAPP Baltic","isPartOf":{"@id":"https:\/\/ivapp.eu\/lv\/#website"},"datePublished":"2018-12-12T10:27:37+00:00","dateModified":"2020-03-04T21:31:06+00:00","description":"We offers premium Hosting solutions for your business. Grow your business with our hosting solutions. iOS, iPad, Android, PWA and Website.","breadcrumb":{"@id":"https:\/\/ivapp.eu\/ivapp-hosting-platform\/#breadcrumb"},"inLanguage":"lv-LV","potentialAction":[{"@type":"ReadAction","target":["https:\/\/ivapp.eu\/ivapp-hosting-platform\/"]}]},{"@type":"BreadcrumbList","@id":"https:\/\/ivapp.eu\/ivapp-hosting-platform\/#breadcrumb","itemListElement":[{"@type":"ListItem","position":1,"name":"\u0413\u043b\u0430\u0432\u043d\u0430\u044f \u0441\u0442\u0440\u0430\u043d\u0438\u0446\u0430","item":"https:\/\/ivapp.eu\/lv\/"},{"@type":"ListItem","position":2,"name":"HOSTING"}]}]}},"jetpack_sharing_enabled":true,"jetpack_shortlink":"https:\/\/wp.me\/PamzUi-6R","jetpack-related-posts":[{"id":158,"url":"https:\/\/ivapp.eu\/lv\/ivapp-solution-contact\/","url_meta":{"origin":425,"position":0},"title":"CONTACT","date":"19.08.2018","format":false,"excerpt":"Thank you for visiting ivAPPDo you still have more questions?Our team is ready to help you in any way we can. Your can reach us by email or phone. Your name (required) Your e-mail (required) Some words about your idea or project By using this form you agree with the\u2026","rel":"","context":"Similar post","img":{"alt_text":"","src":"","width":0,"height":0},"classes":[]},{"id":386,"url":"https:\/\/ivapp.eu\/lv\/apps-for-restaurants-coffee-shops\/","url_meta":{"origin":425,"position":1},"title":"RESTAURANTS & COFFEE SHOPS","date":"03.10.2018","format":false,"excerpt":"APPS FORRESTAURANTS & COFFEE SHOPSOrder your App for\u00a0iOS,\u00a0Android and PWADifferentiate yourself in a crowded marketImpress customers with a professional appEngage and build relationships with customersIncrease order frequency and sizePush notifications and special offers to customers when they are near your shop or a competitor\u2019s. Show an always up-to-date menu and\u2026","rel":"","context":"Similar post","img":{"alt_text":"","src":"","width":0,"height":0},"classes":[]},{"id":97,"url":"https:\/\/ivapp.eu\/lv\/apps-for-hair-beauty-salon\/","url_meta":{"origin":425,"position":2},"title":"HAIR & BEAUTY SALON","date":"17.08.2018","format":false,"excerpt":"APPS FORHAIR & BEAUTY SALONOrder your App for\u00a0iOS,\u00a0Android and PWABoost total bookingsAttract new clientsImprove customer loyaltySpend more time with your clients and less time answering phone calls, replying to emails, and chasing no-shows. ORDER APP Main features for Hair & Beauty Salons Loyalty ProgramsImprove customer loyalty by offering your most\u2026","rel":"","context":"Similar post","img":{"alt_text":"","src":"","width":0,"height":0},"classes":[]},{"id":14,"url":"https:\/\/ivapp.eu\/lv\/","url_meta":{"origin":425,"position":3},"title":"APPS","date":"17.08.2018","format":false,"excerpt":"ivAPP offers premium\u00a0Mobile solutions for your businessGROW YOUR BUSINESSWITH OUR MOBILE STRATEGY GET FREE DEMO We can MobiliZe any type of your business HAIR & BEAUTY SALONLearn More REAL ESTATE & HOTELS GYM & FITNESS RESTAURANTS & COFFEE SHOPSLearn More DELIVERY & TAKEAWAY BARS & NIGHT CLUBS DENTISTS & MEDICAL\u2026","rel":"","context":"Similar post","img":{"alt_text":"","src":"https:\/\/i1.wp.com\/ivapp.eu\/wp-content\/uploads\/2018\/08\/Mobile-App-Screen-Mockup-PSD.jpg?fit=1000%2C700&ssl=1&resize=350%2C200","width":350,"height":200},"classes":[]}],"_links":{"self":[{"href":"https:\/\/ivapp.eu\/lv\/wp-json\/wp\/v2\/pages\/425"}],"collection":[{"href":"https:\/\/ivapp.eu\/lv\/wp-json\/wp\/v2\/pages"}],"about":[{"href":"https:\/\/ivapp.eu\/lv\/wp-json\/wp\/v2\/types\/page"}],"author":[{"embeddable":true,"href":"https:\/\/ivapp.eu\/lv\/wp-json\/wp\/v2\/users\/1"}],"replies":[{"embeddable":true,"href":"https:\/\/ivapp.eu\/lv\/wp-json\/wp\/v2\/comments?post=425"}],"version-history":[{"count":60,"href":"https:\/\/ivapp.eu\/lv\/wp-json\/wp\/v2\/pages\/425\/revisions"}],"predecessor-version":[{"id":1396,"href":"https:\/\/ivapp.eu\/lv\/wp-json\/wp\/v2\/pages\/425\/revisions\/1396"}],"wp:attachment":[{"href":"https:\/\/ivapp.eu\/lv\/wp-json\/wp\/v2\/media?parent=425"}],"curies":[{"name":"wp","href":"https:\/\/api.w.org\/{rel}","templated":true}]}}