{"id":386,"date":"2018-10-03T15:21:07","date_gmt":"2018-10-03T12:21:07","guid":{"rendered":"http:\/\/ivapp.inapp.lv\/?page_id=386"},"modified":"2020-03-05T00:32:03","modified_gmt":"2020-03-04T21:32:03","slug":"apps-for-restaurants-coffee-shops","status":"publish","type":"page","link":"https:\/\/ivapp.eu\/lv\/apps-for-restaurants-coffee-shops\/","title":{"rendered":"Restor\u0101ni un kafejn\u012bc\u0101s"},"content":{"rendered":"<p><section data-kc-fullwidth=\"row\" class=\"kc-elm kc-css-248388 kc_row\"><div class=\"kc-row-container  kc-container\"><div class=\"kc-wrap-columns\"><div class=\"kc-elm kc-css-448821 kc_col-sm-6 kc_column kc_col-sm-6\"><div class=\"kc-col-container\"><div class=\"kc-elm kc-css-848180 kc-animated kc-animate-eff-fadeInLeft kc-animate-delay-200 kc_text_block\"><\/p>\n<p>Mobil\u0101 lietotnes<\/p>\n<p>Restor\u0101ni un kafejn\u012bc\u0101s<\/p>\n<p>\n<\/div><div class=\"kc-elm kc-css-621204 kc_text_block\"><\/p>\n<p>Pas\u016btiet lietotni\u00a0<strong>iOS,<\/strong>\u00a0<strong>Android <\/strong>un<strong> PWA<\/strong><\/p>\n<p>\n<\/div><div class=\"kc-elm kc-css-315733 kc_text_block\"><\/p>\n<ul>\n<li>Diferenc\u0113t sevi piebl\u012bv\u0113ts tirg\u016b<\/li>\n<li>Iepaz\u012bt savus klientus ar profesion\u0101lu lietotni.<\/li>\n<li>Iesaist\u012bt un veidot attiec\u012bbas ar klientiem<\/li>\n<li>Palieliniet pas\u016bt\u012bjumu bie\u017eumu un lielumu<\/li>\n<\/ul>\n<p>Piespiediet pazi\u0146ojumus un \u012bpa\u0161us pied\u0101v\u0101jumus klientiem, ja tie atrodas j\u016bsu veikala vai konkurenta tuvum\u0101. Par\u0101diet vienm\u0113r atjaunin\u0101tu izv\u0113lni un piesaviniet klientus ar jaun\u0101ko dz\u0113rienu un desertu att\u0113liem. Veidojiet lojalit\u0101tes programmu, kas atbilst j\u016bsu uz\u0146\u0113m\u0113jdarb\u012bbai, lai veicin\u0101tu atk\u0101rtotus klientus.<\/p>\n<p>\n<\/div>\n<div class=\"kc-elm kc-css-785919 kc-animated kc-animate-eff-bounceIn kc-animate-delay-1500\">\n\t<a class=\"kc_button\" href=\"tel:3712766177\" target=\"_self\" title=\"\" onclick=\"\">\n\t\tPas\u016bt\u012bt\t<\/a>\n<\/div>\n<\/div><\/div><div class=\"kc-elm kc-css-843401 kc_col-sm-6 kc_column kc_col-sm-6\"><div class=\"kc-col-container\"><\/div><\/div><\/div><\/div><\/section><section class=\"kc-elm kc-css-282826 kc_row\"><div class=\"kc-row-container  kc-container\"><div class=\"kc-wrap-columns\"><div class=\"kc-elm kc-css-189647 kc_col-sm-4 kc_column kc_col-sm-4\"><div class=\"kc-col-container\"><\/div><\/div><div class=\"kc-elm kc-css-228892 kc_col-sm-4 kc_column kc_col-sm-4\"><div class=\"kc-col-container\"><\/div><\/div><div class=\"kc-elm kc-css-166939 kc_col-sm-4 kc_column kc_col-sm-4\"><div class=\"kc-col-container\"><div class=\"kc-elm kc-css-493327 kc-animated kc-animate-eff-fadeInRight kc-animate-delay-300 kc_shortcode kc_single_image\">\n\n        <img src=\"https:\/\/i1.wp.com\/ivapp.eu\/wp-content\/uploads\/2018\/10\/coffeeshop-apps-phone-example.png?fit=557%2C800&ssl=1\" class=\"\" alt=\"\" \/>    <\/div>\n<\/div><\/div><\/div><\/div><\/section><section class=\"kc-elm kc-css-606624 kc_row\"><div class=\"kc-row-container  kc-container\"><div class=\"kc-wrap-columns\"><div class=\"kc-elm kc-css-158139 kc_col-sm-12 kc_column kc_col-sm-12\"><div class=\"kc-col-container\"><div class=\"kc-elm kc-css-565556 kc_text_block\"><\/p>\n<p>GALVEN\u0100S FUNKCIJAS RESTOR\u0100NI UN KAFEJN\u012aC\u0100S<\/p>\n<p>\n<\/div><div class=\"kc-elm kc-css-606174 kc_row kc_row_inner\"><div class=\"kc-elm kc-css-625200 kc_col-sm-4 kc_column_inner kc_col-sm-4\"><div class=\"kc_wrapper kc-col-inner-container\"><div class=\"kc-elm kc-css-893543 kc-feature-boxes kc-fb-layout-1\">\n\n\t<div class=\"content-icon\"><i class=\"fa-percent\"><\/i><\/div><div class=\"content-title\">Lojalit\u0101tes programmas<\/div><div class=\"content-desc\">Imekl\u0113jiet klientu lojalit\u0101ti, pied\u0101v\u0101jot saviem visv\u0113rt\u012bg\u0101kajiem klientiem lojalit\u0101tes punktus, lai vi\u0146i atkal atgrieztos vair\u0101k.<\/div>\n<\/div>\n<div class=\"kc-elm kc-css-672061 kc-feature-boxes kc-fb-layout-1\">\n\n\t<div class=\"content-icon\"><i class=\"fa-images\"><\/i><\/div><div class=\"content-title\">GALERIJA<\/div><div class=\"content-desc\">Visai vizu\u0101li att\u0113lojiet savas iesp\u0113jas, produktus un pakalpojumus, izmantojot ieb\u016bv\u0113tu galeriju sav\u0101 lietotn\u0113.<\/div>\n<\/div>\n<\/div><\/div><div class=\"kc-elm kc-css-455369 kc_col-sm-4 kc_column_inner kc_col-sm-4\"><div class=\"kc_wrapper kc-col-inner-container\"><div class=\"kc-elm kc-css-318296 kc-feature-boxes kc-fb-layout-1\">\n\n\t<div class=\"content-icon\"><i class=\"fa-calendar-alt\"><\/i><\/div><div class=\"content-title\">Rezerv\u0101cijas sist\u0113ma<\/div><div class=\"content-desc\">Nevelciet vair\u0101k t\u0101lru\u0146u zvanu un sarun\u0101jiet dienask\u0101rt\u012bb\u0101 tik\u0161an\u0101s - p\u0101rvaldiet visus rezerv\u0113jumus, izmantojot savu lietotni.<\/div>\n<\/div>\n<div class=\"kc-elm kc-css-481774 kc-feature-boxes kc-fb-layout-1\">\n\n\t<div class=\"content-icon\"><i class=\"fa-map\"><\/i><\/div><div class=\"content-title\">VIRZIENI<\/div><div class=\"content-desc\">Virzieni \u013cauj klientiem sniegt nor\u0101d\u012bjumus par j\u016bsu uz\u0146\u0113muma atra\u0161an\u0101s vietu tie\u0161i no lietotnes.<\/div>\n<\/div>\n<div class=\"kc-elm kc-css-981382 kc-feature-boxes kc-fb-layout-1\">\n\n\t<div class=\"content-icon\"><i class=\"fa-list\"><\/i><\/div><div class=\"content-title\">CENU SARAKSTS<\/div><div class=\"content-desc\">Katrs salona klients sal\u012bdzina pakalpojumu cenu ar citu saloni. Par\u0101diet saviem pakalpojumiem un produktiem prec\u012bzu cenu inform\u0101ciju.<\/div>\n<\/div>\n<\/div><\/div><div class=\"kc-elm kc-css-805907 kc_col-sm-4 kc_column_inner kc_col-sm-4\"><div class=\"kc_wrapper kc-col-inner-container\"><div class=\"kc-elm kc-css-131979 kc-feature-boxes kc-fb-layout-1\">\n\n\t<div class=\"content-icon\"><i class=\"fa-shopping-cart\"><\/i><\/div><div class=\"content-title\">PRODUKTU IEPIRKUMS<\/div><div class=\"content-desc\">Pie\u0161\u0137iriet saviem klientiem iesp\u0113ju ieg\u0101d\u0101ties j\u016bsu skaistumkop\u0161anas produktus plaukst\u0101, \u012bstenojot m-komerciju.<\/div>\n<\/div>\n<div class=\"kc-elm kc-css-884257 kc-feature-boxes kc-fb-layout-1\">\n\n\t<div class=\"content-icon\"><i class=\"fa-bell\"><\/i><\/div><div class=\"content-title\">Push Pazi\u0146ojumi<\/div><div class=\"content-desc\">Pazi\u0146ojiet jaunus pied\u0101v\u0101jumus, viet\u0113jos notikumus un citus pakalpojumus, izmantojot \u012bpa\u0161us m\u0113r\u0137auditoriju pazi\u0146ojumus, kas tiek pieg\u0101d\u0101ti tie\u0161i j\u016bsu lietot\u0101jiem.<\/div>\n<\/div>\n<\/div><\/div><\/div><\/div><\/div><\/div><\/div><\/section><section data-kc-fullwidth=\"row\" class=\"kc-elm kc-css-129487 kc_row\"><div class=\"kc-row-container  kc-container\"><div class=\"kc-wrap-columns\"><div class=\"kc-elm kc-css-450132 kc_col-sm-12 kc_column kc_col-sm-12\"><div class=\"kc-col-container\"><div class=\"kc-elm kc-css-634714 kc_row kc_row_inner\"><div class=\"kc-elm kc-css-931657 kc_col-sm-4 kc_column_inner kc_col-sm-4\"><div class=\"kc_wrapper kc-col-inner-container\">\n<div class=\"kc-elm kc-css-276579 kc-title-wrap\">\n\n\t<h3 class=\"kc_title\">Par uz\u0146\u0113mumu<\/h3>\n<\/div>\n<div class=\"kc-elm kc-css-800084 kc_text_block\"><\/p>\n<p>M\u016bsu misija ir veicin\u0101t sava biznesa izaugsmi un efektivit\u0101ti Baltijas valst\u012bs, izstr\u0101d\u0101jot satrieco\u0161as mobil\u0101s lietotnes un t\u012bmek\u013ca vietnes, kas efekt\u012bvi sasniegs un savienos j\u016bsu biznesu ar j\u016bsu auditoriju.<\/p>\n<p>\n<\/div><div class=\"kc-elm kc-css-993669 kc-multi-icons-wrapper\">\n\t\t\t<a href=\"https:\/\/www.facebook.com\/ivappbaltic\/\" target=\"_blank\" title=\"\" class=\"multi-icons-link multi-iconsfab-facebook-square\">\n\t\t\t<i class=\"fab-facebook-square\"><\/i>\n\t\t<\/a>\n\n\t\t\t<a href=\"https:\/\/www.youtube.com\/channel\/UCGiecyOKEd42Jv55-XP7kHQ\" target=\"_blank\" title=\"\" class=\"multi-icons-link multi-iconsfab-youtube\">\n\t\t\t<i class=\"fab-youtube\"><\/i>\n\t\t<\/a>\n\n\t\t\t<a href=\"https:\/\/itunes.apple.com\/ru\/developer\/inapp-sia\/id1128540927?mt=8\" target=\"_blank\" title=\"\" class=\"multi-icons-link multi-iconsfab-apple\">\n\t\t\t<i class=\"fab-apple\"><\/i>\n\t\t<\/a>\n\n\t\t\t<a href=\"https:\/\/play.google.com\/store\/apps\/developer?id=ivapp.eu\" target=\"_blank\" title=\"\" class=\"multi-icons-link multi-iconsfab-google-play\">\n\t\t\t<i class=\"fab-google-play\"><\/i>\n\t\t<\/a>\n\n\t\t\t<a href=\"http:\/\/inapp.lv\/\" target=\"_blank\" title=\"\" class=\"multi-icons-link multi-iconssl-cloud-download\">\n\t\t\t<i class=\"sl-cloud-download\"><\/i>\n\t\t<\/a>\n\n\t<\/div>\n<\/div><\/div><div class=\"kc-elm kc-css-337435 kc_col-sm-4 kc_column_inner kc_col-sm-4\"><div class=\"kc_wrapper kc-col-inner-container\">\n<div class=\"kc-elm kc-css-93064 kc-title-wrap\">\n\n\t<h3 class=\"kc_title\">INFORM\u0100CIJA<\/h3>\n<\/div>\n\n<div class=\"kc-elm kc-css-157490 kc-title-wrap\">\n\n\t<h5 class=\"kc_title\">Likums<\/h5>\n<\/div>\n\n<div class=\"kc-elm kc-css-268767 kc-title-wrap\">\n\n\t<h5 class=\"kc_title\"><a href=\"http:\/\/ivapp.inapp.lv\/privacy-policy-2\/\" class=\"kc_title_link\" title=\"\" target=\"\">Priv\u0101tuma politika<\/a><\/h5>\n<\/div>\n\n<div class=\"kc-elm kc-css-636784 kc-title-wrap\">\n\n\t<h5 class=\"kc_title\">Pakalpojumu snieg\u0161anas noteikumi<\/h5>\n<\/div>\n\n<div class=\"kc-elm kc-css-825373 kc-title-wrap\">\n\n\t<h5 class=\"kc_title\">Pie\u013caujam\u0101 lieto\u0161anas politika<\/h5>\n<\/div>\n<\/div><\/div><div class=\"kc-elm kc-css-908441 kc_col-sm-4 kc_column_inner kc_col-sm-4\"><div class=\"kc_wrapper kc-col-inner-container\">\n<div class=\"kc-elm kc-css-590670 kc-title-wrap\">\n\n\t<h3 class=\"kc_title\">SAZINIETIES AR MUMS<\/h3>\n<\/div>\n<div class=\"kc-elm kc-css-791632 kc-feature-boxes kc-fb-layout-3\">\n\n\t<div class=\"content-icon\"><i class=\"et-map\"><\/i><\/div><div class=\"box-right\"><div class=\"content-title\">Riga, Latvia<\/div><\/div>\n<\/div>\n<div class=\"kc-elm kc-css-813840 kc-feature-boxes kc-fb-layout-3\">\n\n\t<div class=\"content-icon\"><i class=\"sl-phone\"><\/i><\/div><div class=\"box-right\"><div class=\"content-title\">+371 2766177<\/div><\/div>\n<\/div>\n<div class=\"kc-elm kc-css-865776 kc-feature-boxes kc-fb-layout-3\">\n\n\t<div class=\"content-icon\"><i class=\"et-envelope\"><\/i><\/div><div class=\"box-right\"><div class=\"content-title\">info@ivapp.eu<\/div><\/div>\n<\/div>\n<div class=\"kc-elm kc-css-902432 kc-feature-boxes kc-fb-layout-3\">\n\n\t<div class=\"content-icon\"><i class=\"et-clock\"><\/i><\/div><div class=\"box-right\"><div class=\"content-title\">Pirmdiena - Piektdiena: 8:00 - 19:00<\/div><\/div>\n<\/div>\n<\/div><\/div><\/div><div class=\"kc-elm kc-css-781932 kc_row kc_row_inner\"><div class=\"kc-elm kc-css-203634 kc_col-sm-4 kc_column_inner kc_col-sm-4\"><div class=\"kc_wrapper kc-col-inner-container\"><div class=\"kc-elm kc-css-513669 kc_text_block\"><\/p>\n<p>\u00a9 2015 &#8211; 2018 ivAPP, Mobile Apps For Businesses<\/p>\n<p>Izgatavots ar m\u012blest\u012bbu Latvij\u0101<\/p>\n<p>\n<\/div><\/div><\/div><\/div><\/div><\/div><\/div><\/div><\/section><section class=\"kc-elm kc-css-471385 kc_row\"><div class=\"kc-row-container  kc-container\"><div class=\"kc-wrap-columns\"><div class=\"kc-elm kc-css-432868 kc_col-sm-12 kc_column kc_col-sm-12\"><div class=\"kc-col-container\"><div class=\"kc-elm kc-css-77147 kc-raw-code\"><script async src=\"https:\/\/pagead2.googlesyndication.com\/pagead\/js\/adsbygoogle.js\"><\/script>\r\n<!-- ivapp -->\r\n<ins class=\"adsbygoogle\"\r\n     style=\"display:block\"\r\n     data-ad-client=\"ca-pub-8948769793385332\"\r\n     data-ad-slot=\"1507435208\"\r\n     data-ad-format=\"auto\"\r\n     data-full-width-responsive=\"true\"><\/ins>\r\n<script>\r\n     (adsbygoogle = window.adsbygoogle || []).push({});\r\n<\/script><\/div><\/div><\/div><\/div><\/div><\/section><section data-kc-fullwidth=\"row\" class=\"kc-elm kc-css-458340 kc_row\"><div class=\"kc-row-container  kc-container\"><div class=\"kc-wrap-columns\"><div class=\"kc-elm kc-css-12711 kc_col-sm-12 kc_column kc_col-sm-12\"><div class=\"kc-col-container\"><div class=\"kc-elm kc-css-228070 kc_row kc_row_inner\"><div class=\"kc-elm kc-css-362554 kc_col-sm-4 kc_column_inner kc_col-sm-4\"><div class=\"kc_wrapper kc-col-inner-container\">\n<div class=\"kc-elm kc-css-355379 kc-title-wrap\">\n\n\t<h3 class=\"kc_title\">Par uz\u0146\u0113mumu<\/h3>\n<\/div>\n<div class=\"kc-elm kc-css-268923 kc_text_block\"><\/p>\n<p>M\u016bsu misija ir veicin\u0101t sava biznesa izaugsmi un efektivit\u0101ti Baltijas valst\u012bs, izstr\u0101d\u0101jot satrieco\u0161as mobil\u0101s lietotnes un t\u012bmek\u013ca vietnes, kas efekt\u012bvi sasniegs un savienos j\u016bsu biznesu ar j\u016bsu auditoriju.<\/p>\n<p>\n<\/div><div class=\"kc-elm kc-css-571874 kc-multi-icons-wrapper\">\n\t\t\t<a href=\"https:\/\/www.facebook.com\/ivappbaltic\/\" target=\"_blank\" title=\"\" class=\"multi-icons-link multi-iconsfab-facebook-square\">\n\t\t\t<i class=\"fab-facebook-square\"><\/i>\n\t\t<\/a>\n\n\t\t\t<a href=\"https:\/\/www.youtube.com\/channel\/UCGiecyOKEd42Jv55-XP7kHQ\" target=\"_blank\" title=\"\" class=\"multi-icons-link multi-iconsfab-youtube\">\n\t\t\t<i class=\"fab-youtube\"><\/i>\n\t\t<\/a>\n\n\t\t\t<a href=\"https:\/\/itunes.apple.com\/ru\/developer\/inapp-sia\/id1128540927?mt=8\" target=\"_blank\" title=\"\" class=\"multi-icons-link multi-iconsfab-apple\">\n\t\t\t<i class=\"fab-apple\"><\/i>\n\t\t<\/a>\n\n\t\t\t<a href=\"https:\/\/play.google.com\/store\/apps\/dev?id=4686747278302463402\" target=\"_blank\" title=\"\" class=\"multi-icons-link multi-iconsfab-google-play\">\n\t\t\t<i class=\"fab-google-play\"><\/i>\n\t\t<\/a>\n\n\t\t\t<a href=\"http:\/\/inapp.lv\/\" target=\"_blank\" title=\"\" class=\"multi-icons-link multi-iconssl-cloud-download\">\n\t\t\t<i class=\"sl-cloud-download\"><\/i>\n\t\t<\/a>\n\n\t<\/div>\n<\/div><\/div><div class=\"kc-elm kc-css-48860 kc_col-sm-4 kc_column_inner kc_col-sm-4\"><div class=\"kc_wrapper kc-col-inner-container\"><\/div><\/div><div class=\"kc-elm kc-css-401204 kc_col-sm-4 kc_column_inner kc_col-sm-4\"><div class=\"kc_wrapper kc-col-inner-container\">\n<div class=\"kc-elm kc-css-455084 kc-title-wrap\">\n\n\t<h3 class=\"kc_title\">SAZINIETIES AR MUMS<\/h3>\n<\/div>\n<div class=\"kc-elm kc-css-114373 kc-feature-boxes kc-fb-layout-3\">\n\n\t<div class=\"content-icon\"><i class=\"et-map\"><\/i><\/div><div class=\"box-right\"><div class=\"content-title\">Riga, Latvia<\/div><\/div>\n<\/div>\n<div class=\"kc-elm kc-css-118526 kc-feature-boxes kc-fb-layout-3\">\n\n\t<div class=\"content-icon\"><i class=\"sl-phone\"><\/i><\/div><div class=\"box-right\"><div class=\"content-title\">+371 27667177<\/div><\/div>\n<\/div>\n<div class=\"kc-elm kc-css-626084 kc-feature-boxes kc-fb-layout-3\">\n\n\t<div class=\"content-icon\"><i class=\"et-envelope\"><\/i><\/div><div class=\"box-right\"><div class=\"content-title\">info@ivapp.eu<\/div><\/div>\n<\/div>\n<div class=\"kc-elm kc-css-636224 kc-feature-boxes kc-fb-layout-3\">\n\n\t<div class=\"content-icon\"><i class=\"et-clock\"><\/i><\/div><div class=\"box-right\"><div class=\"content-title\">Pirmdiena - Piektdiena: 8:00 - 19:00<\/div><\/div>\n<\/div>\n<\/div><\/div><\/div><div class=\"kc-elm kc-css-155105 kc_row kc_row_inner\"><div class=\"kc-elm kc-css-608407 kc_col-sm-4 kc_column_inner kc_col-sm-4\"><div class=\"kc_wrapper kc-col-inner-container\"><div class=\"kc-elm kc-css-85383 kc_text_block\"><\/p>\n<p>\u00a9 2015 &#8211; 2019 ivAPP, Mobile Apps For Businesses<\/p>\n<p>Izgatavots ar m\u012blest\u012bbu Latvij\u0101<\/p>\n<p>\n<\/div><\/div><\/div><\/div><\/div><\/div><\/div><\/div><\/section><\/p>","protected":false},"excerpt":{"rendered":"","protected":false},"author":1,"featured_media":0,"parent":0,"menu_order":0,"comment_status":"closed","ping_status":"closed","template":"","meta":{"site-sidebar-layout":"default","site-content-layout":"default","ast-global-header-display":"","ast-main-header-display":"","ast-hfb-above-header-display":"","ast-hfb-below-header-display":"","ast-hfb-mobile-header-display":"","site-post-title":"","ast-breadcrumbs-content":"","ast-featured-img":"","footer-sml-layout":"","theme-transparent-header-meta":"default","adv-header-id-meta":"","stick-header-meta":"","header-above-stick-meta":"","header-main-stick-meta":"","header-below-stick-meta":"","spay_email":""},"yoast_head":"<!-- This site is optimized with the Yoast SEO plugin v18.4.1 - https:\/\/yoast.com\/wordpress\/plugins\/seo\/ -->\n<title>RESTAURANTS &amp; COFFEE SHOPS - ivAPP Baltic<\/title>\n<meta name=\"description\" content=\"Order Restaurants and Coffee Shops Apps for Your Business in Baltic states Estonia, Latvia, Lithuania. iOS, iPad, Android, PWA.\" \/>\n<meta name=\"robots\" content=\"index, follow, max-snippet:-1, max-image-preview:large, max-video-preview:-1\" \/>\n<link rel=\"canonical\" href=\"https:\/\/ivapp.eu\/lv\/apps-for-restaurants-coffee-shops\/\" \/>\n<meta property=\"og:locale\" content=\"lv_LV\" \/>\n<meta property=\"og:type\" content=\"article\" \/>\n<meta property=\"og:title\" content=\"RESTAURANTS &amp; COFFEE SHOPS - ivAPP Baltic\" \/>\n<meta property=\"og:description\" content=\"Order Restaurants and Coffee Shops Apps for Your Business in Baltic states Estonia, Latvia, Lithuania. iOS, iPad, Android, PWA.\" \/>\n<meta property=\"og:url\" content=\"https:\/\/ivapp.eu\/lv\/apps-for-restaurants-coffee-shops\/\" \/>\n<meta property=\"og:site_name\" content=\"ivAPP Baltic\" \/>\n<meta property=\"article:publisher\" content=\"https:\/\/www.facebook.com\/ivappbaltic\/\" \/>\n<meta property=\"article:modified_time\" content=\"2020-03-04T21:32:03+00:00\" \/>\n<meta name=\"twitter:card\" content=\"summary_large_image\" \/>\n<meta name=\"twitter:image\" content=\"https:\/\/i1.wp.com\/ivapp.eu\/wp-content\/uploads\/2018\/10\/coffeeshop-apps-phone-example.png?fit=557%2C800&amp;ssl=1\" \/>\n<meta name=\"twitter:label1\" content=\"Est. reading time\" \/>\n\t<meta name=\"twitter:data1\" content=\"1. min\u016btes\" \/>\n<script type=\"application\/ld+json\" class=\"yoast-schema-graph\">{\"@context\":\"https:\/\/schema.org\",\"@graph\":[{\"@type\":\"WebSite\",\"@id\":\"https:\/\/ivapp.eu\/lv\/#website\",\"url\":\"https:\/\/ivapp.eu\/lv\/\",\"name\":\"ivAPP Baltic\",\"description\":\"Mobile Apps &amp; PWA websites for your business\",\"potentialAction\":[{\"@type\":\"SearchAction\",\"target\":{\"@type\":\"EntryPoint\",\"urlTemplate\":\"https:\/\/ivapp.eu\/lv\/?s={search_term_string}\"},\"query-input\":\"required name=search_term_string\"}],\"inLanguage\":\"lv-LV\"},{\"@type\":\"ImageObject\",\"@id\":\"https:\/\/ivapp.eu\/apps-for-restaurants-coffee-shops\/#primaryimage\",\"inLanguage\":\"lv-LV\",\"url\":\"\",\"contentUrl\":\"\"},{\"@type\":\"WebPage\",\"@id\":\"https:\/\/ivapp.eu\/apps-for-restaurants-coffee-shops\/#webpage\",\"url\":\"https:\/\/ivapp.eu\/apps-for-restaurants-coffee-shops\/\",\"name\":\"RESTAURANTS & COFFEE SHOPS - ivAPP Baltic\",\"isPartOf\":{\"@id\":\"https:\/\/ivapp.eu\/lv\/#website\"},\"primaryImageOfPage\":{\"@id\":\"https:\/\/ivapp.eu\/apps-for-restaurants-coffee-shops\/#primaryimage\"},\"datePublished\":\"2018-10-03T12:21:07+00:00\",\"dateModified\":\"2020-03-04T21:32:03+00:00\",\"description\":\"Order Restaurants and Coffee Shops Apps for Your Business in Baltic states Estonia, Latvia, Lithuania. iOS, iPad, Android, PWA.\",\"breadcrumb\":{\"@id\":\"https:\/\/ivapp.eu\/apps-for-restaurants-coffee-shops\/#breadcrumb\"},\"inLanguage\":\"lv-LV\",\"potentialAction\":[{\"@type\":\"ReadAction\",\"target\":[\"https:\/\/ivapp.eu\/apps-for-restaurants-coffee-shops\/\"]}]},{\"@type\":\"BreadcrumbList\",\"@id\":\"https:\/\/ivapp.eu\/apps-for-restaurants-coffee-shops\/#breadcrumb\",\"itemListElement\":[{\"@type\":\"ListItem\",\"position\":1,\"name\":\"\u0413\u043b\u0430\u0432\u043d\u0430\u044f \u0441\u0442\u0440\u0430\u043d\u0438\u0446\u0430\",\"item\":\"https:\/\/ivapp.eu\/lv\/\"},{\"@type\":\"ListItem\",\"position\":2,\"name\":\"RESTAURANTS &#038; COFFEE SHOPS\"}]}]}<\/script>\n<!-- \/ Yoast SEO plugin. -->","yoast_head_json":{"title":"RESTAURANTS & COFFEE SHOPS - ivAPP Baltic","description":"Order Restaurants and Coffee Shops Apps for Your Business in Baltic states Estonia, Latvia, Lithuania. iOS, iPad, Android, PWA.","robots":{"index":"index","follow":"follow","max-snippet":"max-snippet:-1","max-image-preview":"max-image-preview:large","max-video-preview":"max-video-preview:-1"},"canonical":"https:\/\/ivapp.eu\/lv\/apps-for-restaurants-coffee-shops\/","og_locale":"lv_LV","og_type":"article","og_title":"RESTAURANTS & COFFEE SHOPS - ivAPP Baltic","og_description":"Order Restaurants and Coffee Shops Apps for Your Business in Baltic states Estonia, Latvia, Lithuania. iOS, iPad, Android, PWA.","og_url":"https:\/\/ivapp.eu\/lv\/apps-for-restaurants-coffee-shops\/","og_site_name":"ivAPP Baltic","article_publisher":"https:\/\/www.facebook.com\/ivappbaltic\/","article_modified_time":"2020-03-04T21:32:03+00:00","twitter_card":"summary_large_image","twitter_image":"https:\/\/i1.wp.com\/ivapp.eu\/wp-content\/uploads\/2018\/10\/coffeeshop-apps-phone-example.png?fit=557%2C800&ssl=1","twitter_misc":{"Est. reading time":"1. min\u016btes"},"schema":{"@context":"https:\/\/schema.org","@graph":[{"@type":"WebSite","@id":"https:\/\/ivapp.eu\/lv\/#website","url":"https:\/\/ivapp.eu\/lv\/","name":"ivAPP Baltic","description":"Mobile Apps &amp; PWA websites for your business","potentialAction":[{"@type":"SearchAction","target":{"@type":"EntryPoint","urlTemplate":"https:\/\/ivapp.eu\/lv\/?s={search_term_string}"},"query-input":"required name=search_term_string"}],"inLanguage":"lv-LV"},{"@type":"ImageObject","@id":"https:\/\/ivapp.eu\/apps-for-restaurants-coffee-shops\/#primaryimage","inLanguage":"lv-LV","url":"","contentUrl":""},{"@type":"WebPage","@id":"https:\/\/ivapp.eu\/apps-for-restaurants-coffee-shops\/#webpage","url":"https:\/\/ivapp.eu\/apps-for-restaurants-coffee-shops\/","name":"RESTAURANTS & COFFEE SHOPS - ivAPP Baltic","isPartOf":{"@id":"https:\/\/ivapp.eu\/lv\/#website"},"primaryImageOfPage":{"@id":"https:\/\/ivapp.eu\/apps-for-restaurants-coffee-shops\/#primaryimage"},"datePublished":"2018-10-03T12:21:07+00:00","dateModified":"2020-03-04T21:32:03+00:00","description":"Order Restaurants and Coffee Shops Apps for Your Business in Baltic states Estonia, Latvia, Lithuania. iOS, iPad, Android, PWA.","breadcrumb":{"@id":"https:\/\/ivapp.eu\/apps-for-restaurants-coffee-shops\/#breadcrumb"},"inLanguage":"lv-LV","potentialAction":[{"@type":"ReadAction","target":["https:\/\/ivapp.eu\/apps-for-restaurants-coffee-shops\/"]}]},{"@type":"BreadcrumbList","@id":"https:\/\/ivapp.eu\/apps-for-restaurants-coffee-shops\/#breadcrumb","itemListElement":[{"@type":"ListItem","position":1,"name":"\u0413\u043b\u0430\u0432\u043d\u0430\u044f \u0441\u0442\u0440\u0430\u043d\u0438\u0446\u0430","item":"https:\/\/ivapp.eu\/lv\/"},{"@type":"ListItem","position":2,"name":"RESTAURANTS &#038; COFFEE SHOPS"}]}]}},"jetpack_sharing_enabled":true,"jetpack_shortlink":"https:\/\/wp.me\/PamzUi-6e","jetpack-related-posts":[{"id":158,"url":"https:\/\/ivapp.eu\/lv\/ivapp-solution-contact\/","url_meta":{"origin":386,"position":0},"title":"CONTACT","date":"19.08.2018","format":false,"excerpt":"Thank you for visiting ivAPPDo you still have more questions?Our team is ready to help you in any way we can. Your can reach us by email or phone. Your name (required) Your e-mail (required) Some words about your idea or project By using this form you agree with the\u2026","rel":"","context":"Similar post","img":{"alt_text":"","src":"","width":0,"height":0},"classes":[]},{"id":425,"url":"https:\/\/ivapp.eu\/lv\/ivapp-hosting-platform\/","url_meta":{"origin":386,"position":1},"title":"HOSTING","date":"12.12.2018","format":false,"excerpt":"Powerful Website\u00a0Hosting ServicesivAPPHost Helps You Succeed Super Easy to UseOur custom control panel is simple to use and removes the headache of managing your web hosting. Full FeaturedWe do more than web hosting. Our tool suite includes everything you need to be successful. Fast & ReliableIf your website is slow\u2026","rel":"","context":"Similar post","img":{"alt_text":"","src":"","width":0,"height":0},"classes":[]},{"id":97,"url":"https:\/\/ivapp.eu\/lv\/apps-for-hair-beauty-salon\/","url_meta":{"origin":386,"position":2},"title":"HAIR & BEAUTY SALON","date":"17.08.2018","format":false,"excerpt":"APPS FORHAIR & BEAUTY SALONOrder your App for\u00a0iOS,\u00a0Android and PWABoost total bookingsAttract new clientsImprove customer loyaltySpend more time with your clients and less time answering phone calls, replying to emails, and chasing no-shows. ORDER APP Main features for Hair & Beauty Salons Loyalty ProgramsImprove customer loyalty by offering your most\u2026","rel":"","context":"Similar post","img":{"alt_text":"","src":"","width":0,"height":0},"classes":[]},{"id":14,"url":"https:\/\/ivapp.eu\/lv\/","url_meta":{"origin":386,"position":3},"title":"APPS","date":"17.08.2018","format":false,"excerpt":"ivAPP offers premium\u00a0Mobile solutions for your businessGROW YOUR BUSINESSWITH OUR MOBILE STRATEGY GET FREE DEMO We can MobiliZe any type of your business HAIR & BEAUTY SALONLearn More REAL ESTATE & HOTELS GYM & FITNESS RESTAURANTS & COFFEE SHOPSLearn More DELIVERY & TAKEAWAY BARS & NIGHT CLUBS DENTISTS & MEDICAL\u2026","rel":"","context":"Similar post","img":{"alt_text":"","src":"https:\/\/i1.wp.com\/ivapp.eu\/wp-content\/uploads\/2018\/08\/Mobile-App-Screen-Mockup-PSD.jpg?fit=1000%2C700&ssl=1&resize=350%2C200","width":350,"height":200},"classes":[]}],"_links":{"self":[{"href":"https:\/\/ivapp.eu\/lv\/wp-json\/wp\/v2\/pages\/386"}],"collection":[{"href":"https:\/\/ivapp.eu\/lv\/wp-json\/wp\/v2\/pages"}],"about":[{"href":"https:\/\/ivapp.eu\/lv\/wp-json\/wp\/v2\/types\/page"}],"author":[{"embeddable":true,"href":"https:\/\/ivapp.eu\/lv\/wp-json\/wp\/v2\/users\/1"}],"replies":[{"embeddable":true,"href":"https:\/\/ivapp.eu\/lv\/wp-json\/wp\/v2\/comments?post=386"}],"version-history":[{"count":12,"href":"https:\/\/ivapp.eu\/lv\/wp-json\/wp\/v2\/pages\/386\/revisions"}],"predecessor-version":[{"id":1457,"href":"https:\/\/ivapp.eu\/lv\/wp-json\/wp\/v2\/pages\/386\/revisions\/1457"}],"wp:attachment":[{"href":"https:\/\/ivapp.eu\/lv\/wp-json\/wp\/v2\/media?parent=386"}],"curies":[{"name":"wp","href":"https:\/\/api.w.org\/{rel}","templated":true}]}}