{"id":158,"date":"2018-08-19T22:31:11","date_gmt":"2018-08-19T19:31:11","guid":{"rendered":"http:\/\/inapp.lv\/wp_test\/?page_id=158"},"modified":"2020-03-05T00:32:41","modified_gmt":"2020-03-04T21:32:41","slug":"ivapp-solution-contact","status":"publish","type":"page","link":"https:\/\/ivapp.eu\/lv\/ivapp-solution-contact\/","title":{"rendered":"KONTAKTI"},"content":{"rendered":"<p><section data-kc-fullwidth=\"row\" class=\"kc-elm kc-css-625166 kc_row\"><div class=\"kc-row-container  kc-container\"><div class=\"kc-wrap-columns\"><div class=\"kc-elm kc-css-105653 kc_col-sm-12 kc_column kc_col-sm-12\"><div class=\"kc-col-container\"><div class=\"kc-elm kc-css-799016 kc-animated kc-animate-eff-fadeInDown kc_text_block\"><\/p>\n<p style=\"text-align: center;\">Thank you for visiting ivAPP<\/p>\n<p>\n<\/div><\/div><\/div><\/div><\/div><\/section><section class=\"kc-elm kc-css-135244 kc_row\"><div class=\"kc-row-container  kc-container\"><div class=\"kc-wrap-columns\"><div class=\"kc-elm kc-css-108308 kc_col-sm-12 kc_column kc_col-sm-12\"><div class=\"kc-col-container\"><div class=\"kc-elm kc-css-119463 kc_text_block\"><\/p>\n<p>Do you still have more questions?<\/p>\n<p>Our team is ready to help you in any way we can. Your can reach us by email or phone.<\/p>\n<p>\n<\/div><div class=\"kc-elm kc-css-393354 kc_row kc_row_inner\"><div class=\"kc-elm kc-css-492943 kc_col-sm-6 kc_column_inner kc_col-sm-6\"><div class=\"kc_wrapper kc-col-inner-container\"><div class=\"kc-contact-form7 kc-elm kc-css-877484\"><div role=\"form\" class=\"wpcf7\" id=\"wpcf7-f232-o1\" lang=\"ru-RU\" dir=\"ltr\">\n<div class=\"screen-reader-response\"><p role=\"status\" aria-live=\"polite\" aria-atomic=\"true\"><\/p> <ul><\/ul><\/div>\n<form action=\"\/lv\/wp-json\/wp\/v2\/pages\/158#wpcf7-f232-o1\" method=\"post\" class=\"wpcf7-form init\" novalidate=\"novalidate\" data-status=\"init\" data-trp-original-action=\"\/lv\/wp-json\/wp\/v2\/pages\/158#wpcf7-f232-o1\">\n<div style=\"display: none;\">\n<input type=\"hidden\" name=\"_wpcf7\" value=\"232\" \/>\n<input type=\"hidden\" name=\"_wpcf7_version\" value=\"5.4.2\" \/>\n<input type=\"hidden\" name=\"_wpcf7_locale\" value=\"ru_RU\" \/>\n<input type=\"hidden\" name=\"_wpcf7_unit_tag\" value=\"wpcf7-f232-o1\" \/>\n<input type=\"hidden\" name=\"_wpcf7_container_post\" value=\"0\" \/>\n<input type=\"hidden\" name=\"_wpcf7_posted_data_hash\" value=\"\" \/>\n<input type=\"hidden\" name=\"_wpcf7_recaptcha_response\" value=\"\" \/>\n<\/div>\n<p><label> Your name (required)<br \/>\n    <span class=\"wpcf7-form-control-wrap your-name\"><input type=\"text\" name=\"your-name\" value=\"\" size=\"40\" class=\"wpcf7-form-control wpcf7-text wpcf7-validates-as-required\" aria-required=\"true\" aria-invalid=\"false\" \/><\/span> <\/label><\/p>\n<p><label> Your e-mail (required)<br \/>\n    <span class=\"wpcf7-form-control-wrap your-email\"><input type=\"email\" name=\"your-email\" value=\"\" size=\"40\" class=\"wpcf7-form-control wpcf7-text wpcf7-email wpcf7-validates-as-required wpcf7-validates-as-email\" aria-required=\"true\" aria-invalid=\"false\" \/><\/span> <\/label><\/p>\n<p><label> Some words about your idea or project<br \/>\n    <span class=\"wpcf7-form-control-wrap your-message\"><textarea name=\"your-message\" cols=\"40\" rows=\"10\" class=\"wpcf7-form-control wpcf7-textarea\" aria-invalid=\"false\"><\/textarea><\/span> <\/label><\/p>\n\n<p><span class=\"wpcf7-form-control-wrap wpgdprc\"><span class=\"wpcf7-form-control wpcf7-validates-as-required wpcf7-wpgdprc\"><span class=\"wpcf7-list-item\"><input type=\"checkbox\" name=\"wpgdprc\" value=\"1\" aria-required=\"true\" aria-invalid=\"false\" \/><span class=\"wpcf7-list-item-label\">By using this form you agree with the storage and handling of your data by this website.<\/span><\/span><\/span>    <\/span><\/p>\n<p><input type=\"submit\" value=\"SEND\" class=\"wpcf7-form-control wpcf7-submit\" \/><\/p>\n<p style=\"display: none !important;\"><label>&#916;<textarea name=\"_wpcf7_ak_hp_textarea\" cols=\"45\" rows=\"8\" maxlength=\"100\"><\/textarea><\/label><input type=\"hidden\" id=\"ak_js_1\" name=\"_wpcf7_ak_js\" value=\"184\"\/><script>document.getElementById( \"ak_js_1\" ).setAttribute( \"value\", ( new Date() ).getTime() );<\/script><\/p><div class=\"wpcf7-response-output\" aria-hidden=\"true\"><\/div><input type=\"hidden\" name=\"trp-form-language\" value=\"lv\"\/><\/form><\/div><\/div><\/div><\/div><div class=\"kc-elm kc-css-503612 kc_col-sm-6 kc_column_inner kc_col-sm-6\"><div class=\"kc_wrapper kc-col-inner-container\"><div class=\"kc-elm kc-css-14654 kc_google_maps kc_shortcode\" data-wheel=\"disable\"><div style=\"height: 430px\" class=\"kc-google-maps\"><iframe src=\"https:\/\/www.google.com\/maps\/embed?pb=!1m18!1m12!1m3!1d2239523.911860765!2d22.302111348368012!3d56.75953498601759!2m3!1f0!2f0!3f0!3m2!1i1024!2i768!4f13.1!3m3!1m2!1s0x46e930677b8a9afd%3A0xcfcd68f2fc10!2z0JvQsNGC0LLQuNGP!5e0!3m2!1sru!2sno!4v1534955834107\" width=\"100%\" height=\"430\" frameborder=\"0\" style=\"border:0\" allowfullscreen><\/iframe><\/div><\/div><\/div><\/div><\/div><\/div><\/div><\/div><\/div><\/section><section class=\"kc-elm kc-css-597293 kc_row\"><div class=\"kc-row-container  kc-container\"><div class=\"kc-wrap-columns\"><div class=\"kc-elm kc-css-270633 kc_col-sm-12 kc_column kc_col-sm-12\"><div class=\"kc-col-container\"><div class=\"kc-elm kc-css-643770 kc-raw-code\"><script async src=\"https:\/\/pagead2.googlesyndication.com\/pagead\/js\/adsbygoogle.js\"><\/script>\r\n<!-- ivapp -->\r\n<ins class=\"adsbygoogle\"\r\n     style=\"display:block\"\r\n     data-ad-client=\"ca-pub-8948769793385332\"\r\n     data-ad-slot=\"1507435208\"\r\n     data-ad-format=\"auto\"\r\n     data-full-width-responsive=\"true\"><\/ins>\r\n<script>\r\n     (adsbygoogle = window.adsbygoogle || []).push({});\r\n<\/script><\/div><\/div><\/div><\/div><\/div><\/section><section data-kc-fullwidth=\"row\" class=\"kc-elm kc-css-146342 kc_row\"><div class=\"kc-row-container  kc-container\"><div class=\"kc-wrap-columns\"><div class=\"kc-elm kc-css-650704 kc_col-sm-12 kc_column kc_col-sm-12\"><div class=\"kc-col-container\"><div class=\"kc-elm kc-css-204159 kc_row kc_row_inner\"><div class=\"kc-elm kc-css-511356 kc_col-sm-4 kc_column_inner kc_col-sm-4\"><div class=\"kc_wrapper kc-col-inner-container\">\n<div class=\"kc-elm kc-css-818739 kc-title-wrap\">\n\n\t<h3 class=\"kc_title\">Par uz\u0146\u0113mumu<\/h3>\n<\/div>\n<div class=\"kc-elm kc-css-788814 kc_text_block\"><\/p>\n<p>M\u016bsu misija ir veicin\u0101t sava biznesa izaugsmi un efektivit\u0101ti Baltijas valst\u012bs, izstr\u0101d\u0101jot satrieco\u0161as mobil\u0101s lietotnes un t\u012bmek\u013ca vietnes, kas efekt\u012bvi sasniegs un savienos j\u016bsu biznesu ar j\u016bsu auditoriju.<\/p>\n<p>\n<\/div><div class=\"kc-elm kc-css-343212 kc-multi-icons-wrapper\">\n\t\t\t<a href=\"https:\/\/www.facebook.com\/ivappbaltic\/\" target=\"_blank\" title=\"\" class=\"multi-icons-link multi-iconsfab-facebook-square\">\n\t\t\t<i class=\"fab-facebook-square\"><\/i>\n\t\t<\/a>\n\n\t\t\t<a href=\"https:\/\/www.youtube.com\/channel\/UCGiecyOKEd42Jv55-XP7kHQ\" target=\"_blank\" title=\"\" class=\"multi-icons-link multi-iconsfab-youtube\">\n\t\t\t<i class=\"fab-youtube\"><\/i>\n\t\t<\/a>\n\n\t\t\t<a href=\"https:\/\/itunes.apple.com\/ru\/developer\/inapp-sia\/id1128540927?mt=8\" target=\"_blank\" title=\"\" class=\"multi-icons-link multi-iconsfab-apple\">\n\t\t\t<i class=\"fab-apple\"><\/i>\n\t\t<\/a>\n\n\t\t\t<a href=\"https:\/\/play.google.com\/store\/apps\/dev?id=4686747278302463402\" target=\"_blank\" title=\"\" class=\"multi-icons-link multi-iconsfab-google-play\">\n\t\t\t<i class=\"fab-google-play\"><\/i>\n\t\t<\/a>\n\n\t\t\t<a href=\"http:\/\/inapp.lv\/\" target=\"_blank\" title=\"\" class=\"multi-icons-link multi-iconssl-cloud-download\">\n\t\t\t<i class=\"sl-cloud-download\"><\/i>\n\t\t<\/a>\n\n\t<\/div>\n<\/div><\/div><div class=\"kc-elm kc-css-336793 kc_col-sm-4 kc_column_inner kc_col-sm-4\"><div class=\"kc_wrapper kc-col-inner-container\"><\/div><\/div><div class=\"kc-elm kc-css-96691 kc_col-sm-4 kc_column_inner kc_col-sm-4\"><div class=\"kc_wrapper kc-col-inner-container\">\n<div class=\"kc-elm kc-css-941470 kc-title-wrap\">\n\n\t<h3 class=\"kc_title\">SAZINIETIES AR MUMS<\/h3>\n<\/div>\n<div class=\"kc-elm kc-css-138061 kc-feature-boxes kc-fb-layout-3\">\n\n\t<div class=\"content-icon\"><i class=\"et-map\"><\/i><\/div><div class=\"box-right\"><div class=\"content-title\">Riga, Latvia<\/div><\/div>\n<\/div>\n<div class=\"kc-elm kc-css-831522 kc-feature-boxes kc-fb-layout-3\">\n\n\t<div class=\"content-icon\"><i class=\"sl-phone\"><\/i><\/div><div class=\"box-right\"><div class=\"content-title\">+371 27667177<\/div><\/div>\n<\/div>\n<div class=\"kc-elm kc-css-123241 kc-feature-boxes kc-fb-layout-3\">\n\n\t<div class=\"content-icon\"><i class=\"et-envelope\"><\/i><\/div><div class=\"box-right\"><div class=\"content-title\">info@ivapp.eu<\/div><\/div>\n<\/div>\n<div class=\"kc-elm kc-css-381742 kc-feature-boxes kc-fb-layout-3\">\n\n\t<div class=\"content-icon\"><i class=\"et-clock\"><\/i><\/div><div class=\"box-right\"><div class=\"content-title\">Pirmdiena - Piektdiena: 8:00 - 19:00<\/div><\/div>\n<\/div>\n<\/div><\/div><\/div><div class=\"kc-elm kc-css-798644 kc_row kc_row_inner\"><div class=\"kc-elm kc-css-433643 kc_col-sm-4 kc_column_inner kc_col-sm-4\"><div class=\"kc_wrapper kc-col-inner-container\"><div class=\"kc-elm kc-css-223426 kc_text_block\"><\/p>\n<p>\u00a9 2015 &#8211; 2019 ivAPP, Mobile Apps For Businesses<\/p>\n<p>Izgatavots ar m\u012blest\u012bbu Latvij\u0101<\/p>\n<p>\n<\/div><\/div><\/div><\/div><\/div><\/div><\/div><\/div><\/section><\/p>","protected":false},"excerpt":{"rendered":"","protected":false},"author":1,"featured_media":0,"parent":0,"menu_order":0,"comment_status":"closed","ping_status":"closed","template":"","meta":{"site-sidebar-layout":"default","site-content-layout":"default","ast-global-header-display":"","ast-main-header-display":"","ast-hfb-above-header-display":"","ast-hfb-below-header-display":"","ast-hfb-mobile-header-display":"","site-post-title":"","ast-breadcrumbs-content":"","ast-featured-img":"","footer-sml-layout":"","theme-transparent-header-meta":"default","adv-header-id-meta":"","stick-header-meta":"","header-above-stick-meta":"","header-main-stick-meta":"","header-below-stick-meta":"","spay_email":""},"yoast_head":"<!-- This site is optimized with the Yoast SEO plugin v18.4.1 - https:\/\/yoast.com\/wordpress\/plugins\/seo\/ -->\n<title>CONTACT - ivAPP Baltic<\/title>\n<meta name=\"description\" content=\"We offers premium Web and Mobile solutions for your business. Grow Your Business with Our marketing solutions. iOS, iPad, Android, PWA and Website.\" \/>\n<meta name=\"robots\" content=\"index, follow, max-snippet:-1, max-image-preview:large, max-video-preview:-1\" \/>\n<link rel=\"canonical\" href=\"https:\/\/ivapp.eu\/lv\/ivapp-solution-contact\/\" \/>\n<meta property=\"og:locale\" content=\"lv_LV\" \/>\n<meta property=\"og:type\" content=\"article\" \/>\n<meta property=\"og:title\" content=\"CONTACT - ivAPP Baltic\" \/>\n<meta property=\"og:description\" content=\"We offers premium Web and Mobile solutions for your business. Grow Your Business with Our marketing solutions. iOS, iPad, Android, PWA and Website.\" \/>\n<meta property=\"og:url\" content=\"https:\/\/ivapp.eu\/lv\/ivapp-solution-contact\/\" \/>\n<meta property=\"og:site_name\" content=\"ivAPP Baltic\" \/>\n<meta property=\"article:publisher\" content=\"https:\/\/www.facebook.com\/ivappbaltic\/\" \/>\n<meta property=\"article:modified_time\" content=\"2020-03-04T21:32:41+00:00\" \/>\n<meta name=\"twitter:card\" content=\"summary_large_image\" \/>\n<meta name=\"twitter:label1\" content=\"Est. reading time\" \/>\n\t<meta name=\"twitter:data1\" content=\"1. min\u016btes\" \/>\n<script type=\"application\/ld+json\" class=\"yoast-schema-graph\">{\"@context\":\"https:\/\/schema.org\",\"@graph\":[{\"@type\":\"WebSite\",\"@id\":\"https:\/\/ivapp.eu\/lv\/#website\",\"url\":\"https:\/\/ivapp.eu\/lv\/\",\"name\":\"ivAPP Baltic\",\"description\":\"Mobile Apps &amp; PWA websites for your business\",\"potentialAction\":[{\"@type\":\"SearchAction\",\"target\":{\"@type\":\"EntryPoint\",\"urlTemplate\":\"https:\/\/ivapp.eu\/lv\/?s={search_term_string}\"},\"query-input\":\"required name=search_term_string\"}],\"inLanguage\":\"lv-LV\"},{\"@type\":\"WebPage\",\"@id\":\"https:\/\/ivapp.eu\/lv\/ivapp-solution-contact\/#webpage\",\"url\":\"https:\/\/ivapp.eu\/lv\/ivapp-solution-contact\/\",\"name\":\"CONTACT - ivAPP Baltic\",\"isPartOf\":{\"@id\":\"https:\/\/ivapp.eu\/lv\/#website\"},\"datePublished\":\"2018-08-19T19:31:11+00:00\",\"dateModified\":\"2020-03-04T21:32:41+00:00\",\"description\":\"We offers premium Web and Mobile solutions for your business. Grow Your Business with Our marketing solutions. iOS, iPad, Android, PWA and Website.\",\"breadcrumb\":{\"@id\":\"https:\/\/ivapp.eu\/lv\/ivapp-solution-contact\/#breadcrumb\"},\"inLanguage\":\"lv-LV\",\"potentialAction\":[{\"@type\":\"ReadAction\",\"target\":[\"https:\/\/ivapp.eu\/lv\/ivapp-solution-contact\/\"]}]},{\"@type\":\"BreadcrumbList\",\"@id\":\"https:\/\/ivapp.eu\/lv\/ivapp-solution-contact\/#breadcrumb\",\"itemListElement\":[{\"@type\":\"ListItem\",\"position\":1,\"name\":\"\u0413\u043b\u0430\u0432\u043d\u0430\u044f \u0441\u0442\u0440\u0430\u043d\u0438\u0446\u0430\",\"item\":\"https:\/\/ivapp.eu\/lv\/\"},{\"@type\":\"ListItem\",\"position\":2,\"name\":\"CONTACT\"}]}]}<\/script>\n<!-- \/ Yoast SEO plugin. -->","yoast_head_json":{"title":"CONTACT - ivAPP Baltic","description":"We offers premium Web and Mobile solutions for your business. Grow Your Business with Our marketing solutions. iOS, iPad, Android, PWA and Website.","robots":{"index":"index","follow":"follow","max-snippet":"max-snippet:-1","max-image-preview":"max-image-preview:large","max-video-preview":"max-video-preview:-1"},"canonical":"https:\/\/ivapp.eu\/lv\/ivapp-solution-contact\/","og_locale":"lv_LV","og_type":"article","og_title":"CONTACT - ivAPP Baltic","og_description":"We offers premium Web and Mobile solutions for your business. Grow Your Business with Our marketing solutions. iOS, iPad, Android, PWA and Website.","og_url":"https:\/\/ivapp.eu\/lv\/ivapp-solution-contact\/","og_site_name":"ivAPP Baltic","article_publisher":"https:\/\/www.facebook.com\/ivappbaltic\/","article_modified_time":"2020-03-04T21:32:41+00:00","twitter_card":"summary_large_image","twitter_misc":{"Est. reading time":"1. min\u016btes"},"schema":{"@context":"https:\/\/schema.org","@graph":[{"@type":"WebSite","@id":"https:\/\/ivapp.eu\/lv\/#website","url":"https:\/\/ivapp.eu\/lv\/","name":"ivAPP Baltic","description":"Mobile Apps &amp; PWA websites for your business","potentialAction":[{"@type":"SearchAction","target":{"@type":"EntryPoint","urlTemplate":"https:\/\/ivapp.eu\/lv\/?s={search_term_string}"},"query-input":"required name=search_term_string"}],"inLanguage":"lv-LV"},{"@type":"WebPage","@id":"https:\/\/ivapp.eu\/lv\/ivapp-solution-contact\/#webpage","url":"https:\/\/ivapp.eu\/lv\/ivapp-solution-contact\/","name":"CONTACT - ivAPP Baltic","isPartOf":{"@id":"https:\/\/ivapp.eu\/lv\/#website"},"datePublished":"2018-08-19T19:31:11+00:00","dateModified":"2020-03-04T21:32:41+00:00","description":"We offers premium Web and Mobile solutions for your business. Grow Your Business with Our marketing solutions. iOS, iPad, Android, PWA and Website.","breadcrumb":{"@id":"https:\/\/ivapp.eu\/lv\/ivapp-solution-contact\/#breadcrumb"},"inLanguage":"lv-LV","potentialAction":[{"@type":"ReadAction","target":["https:\/\/ivapp.eu\/lv\/ivapp-solution-contact\/"]}]},{"@type":"BreadcrumbList","@id":"https:\/\/ivapp.eu\/lv\/ivapp-solution-contact\/#breadcrumb","itemListElement":[{"@type":"ListItem","position":1,"name":"\u0413\u043b\u0430\u0432\u043d\u0430\u044f \u0441\u0442\u0440\u0430\u043d\u0438\u0446\u0430","item":"https:\/\/ivapp.eu\/lv\/"},{"@type":"ListItem","position":2,"name":"CONTACT"}]}]}},"jetpack_sharing_enabled":true,"jetpack_shortlink":"https:\/\/wp.me\/PamzUi-2y","jetpack-related-posts":[{"id":425,"url":"https:\/\/ivapp.eu\/lv\/ivapp-hosting-platform\/","url_meta":{"origin":158,"position":0},"title":"HOSTING","date":"12.12.2018","format":false,"excerpt":"Powerful Website\u00a0Hosting ServicesivAPPHost Helps You Succeed Super Easy to UseOur custom control panel is simple to use and removes the headache of managing your web hosting. Full FeaturedWe do more than web hosting. Our tool suite includes everything you need to be successful. Fast & ReliableIf your website is slow\u2026","rel":"","context":"Similar post","img":{"alt_text":"","src":"","width":0,"height":0},"classes":[]},{"id":97,"url":"https:\/\/ivapp.eu\/lv\/apps-for-hair-beauty-salon\/","url_meta":{"origin":158,"position":1},"title":"HAIR & BEAUTY SALON","date":"17.08.2018","format":false,"excerpt":"APPS FORHAIR & BEAUTY SALONOrder your App for\u00a0iOS,\u00a0Android and PWABoost total bookingsAttract new clientsImprove customer loyaltySpend more time with your clients and less time answering phone calls, replying to emails, and chasing no-shows. ORDER APP Main features for Hair & Beauty Salons Loyalty ProgramsImprove customer loyalty by offering your most\u2026","rel":"","context":"Similar post","img":{"alt_text":"","src":"","width":0,"height":0},"classes":[]},{"id":386,"url":"https:\/\/ivapp.eu\/lv\/apps-for-restaurants-coffee-shops\/","url_meta":{"origin":158,"position":2},"title":"RESTAURANTS & COFFEE SHOPS","date":"03.10.2018","format":false,"excerpt":"APPS FORRESTAURANTS & COFFEE SHOPSOrder your App for\u00a0iOS,\u00a0Android and PWADifferentiate yourself in a crowded marketImpress customers with a professional appEngage and build relationships with customersIncrease order frequency and sizePush notifications and special offers to customers when they are near your shop or a competitor\u2019s. Show an always up-to-date menu and\u2026","rel":"","context":"Similar post","img":{"alt_text":"","src":"","width":0,"height":0},"classes":[]},{"id":14,"url":"https:\/\/ivapp.eu\/lv\/","url_meta":{"origin":158,"position":3},"title":"APPS","date":"17.08.2018","format":false,"excerpt":"ivAPP offers premium\u00a0Mobile solutions for your businessGROW YOUR BUSINESSWITH OUR MOBILE STRATEGY GET FREE DEMO We can MobiliZe any type of your business HAIR & BEAUTY SALONLearn More REAL ESTATE & HOTELS GYM & FITNESS RESTAURANTS & COFFEE SHOPSLearn More DELIVERY & TAKEAWAY BARS & NIGHT CLUBS DENTISTS & MEDICAL\u2026","rel":"","context":"Similar post","img":{"alt_text":"","src":"https:\/\/i1.wp.com\/ivapp.eu\/wp-content\/uploads\/2018\/08\/Mobile-App-Screen-Mockup-PSD.jpg?fit=1000%2C700&ssl=1&resize=350%2C200","width":350,"height":200},"classes":[]}],"_links":{"self":[{"href":"https:\/\/ivapp.eu\/lv\/wp-json\/wp\/v2\/pages\/158"}],"collection":[{"href":"https:\/\/ivapp.eu\/lv\/wp-json\/wp\/v2\/pages"}],"about":[{"href":"https:\/\/ivapp.eu\/lv\/wp-json\/wp\/v2\/types\/page"}],"author":[{"embeddable":true,"href":"https:\/\/ivapp.eu\/lv\/wp-json\/wp\/v2\/users\/1"}],"replies":[{"embeddable":true,"href":"https:\/\/ivapp.eu\/lv\/wp-json\/wp\/v2\/comments?post=158"}],"version-history":[{"count":55,"href":"https:\/\/ivapp.eu\/lv\/wp-json\/wp\/v2\/pages\/158\/revisions"}],"predecessor-version":[{"id":1400,"href":"https:\/\/ivapp.eu\/lv\/wp-json\/wp\/v2\/pages\/158\/revisions\/1400"}],"wp:attachment":[{"href":"https:\/\/ivapp.eu\/lv\/wp-json\/wp\/v2\/media?parent=158"}],"curies":[{"name":"wp","href":"https:\/\/api.w.org\/{rel}","templated":true}]}}